{"id":2667,"date":"2024-07-13T08:47:15","date_gmt":"2024-07-13T08:47:15","guid":{"rendered":"https:\/\/calrostalamanca.com\/?page_id=2667"},"modified":"2025-02-23T12:19:57","modified_gmt":"2025-02-23T11:19:57","slug":"menu-cap-de-setmana","status":"publish","type":"page","link":"https:\/\/calrostalamanca.com\/es\/menu-cap-de-setmana\/","title":{"rendered":"Men\u00fa y Carta"},"content":{"rendered":"<h1>Men\u00fa fin de semana<\/h1>\n<h3>PRIMEROS<\/h3>\n<ul>\n<li>ENSALADA DE BROTAS VERDES y FORMATO DE CABRA<\/li>\n<li>CONO VINAGRETA DE M\u00d3DENA<\/li>\n<li>ARROZ MELOSO DE MONTA\u00d1A<\/li>\n<li>CANELONAS DE LA ABUELA<\/li>\n<li>CREMA DE CALABAZA<\/li>\n<li>SOPA DE MEL\u00d3N<\/li>\n<li>ESCALIVADA CON ANCHOAS<\/li>\n<li>GASPACHO<\/li>\n<li>FORMATO A LA BRASA ( Brie o Camembert )<\/li>\n<li>PATATAS ENMASCARADAS CON CEPAS<\/li>\n<\/ul>\n<h3>BRASA<\/h3>\n<ul>\n<li>BUTIFARRA DE PAY\u00c9S CONEJO<\/li>\n<li>ENTRAMA DE TERNERA (suplemento 3\u20ac)<\/li>\n<li>ENTRECOTE (350grs) (suplemento 5\u20ac)<\/li>\n<li>PIAS DE CERDO<\/li>\n<li>POLLO<\/li>\n<li>CORDERO (suplemento 5\u20ac)<\/li>\n<li>CHURRASCO<\/li>\n<\/ul>\n<h3>SEG\u00daNDOS<\/h3>\n<ul>\n<li>BACALAO AL AJO y ACEITE EN EL HORNO DE CARB\u00d3N<\/li>\n<li>BACALAO EN LA TALAMANQUINA<\/li>\n<li>CABRITO REBOZADO (suplemento 5\u20ac)<\/li>\n<li>CROQUETAS DE LANGOSTINOS Y ROVELLONES<\/li>\n<li>HAMBURGUEZ VEGANA DE PROTEINA DE GUISANTE Y BAMB\u00da<\/li>\n<li>VUELTA CON CEPAS<\/li>\n<\/ul>\n<h3><span style=\"\">POSTRES<\/span><\/h3>\n<ul>\n<li>CREMA CATALANA<\/li>\n<li>FLAM CON NATA<\/li>\n<li>HELADO DE NATA<\/li>\n<li>VAINILLA<\/li>\n<li>TURR\u00d3N o TRES GUSTOS MIEL Y MAT\u00d3N<\/li>\n<li>M\u00daSICO<\/li>\n<li>PASTEL DE QUESO<\/li>\n<li>YOGHURT DE FRUTOS DEL BOSQUE<\/li>\n<li>YOGHURT NATURAL<\/li>\n<\/ul>\n<h3>28\u20ac IVA incluido<\/h3>\n<h3>MEN\u00da INFANTIL<\/h3>\n<p><strong>PRIMEROS:<\/strong><br \/>\nCANELONAS o MACARRONES<br \/>\n<strong>SEG\u00daN:<\/strong><br \/>\nBUTIFARRA o LOMO REBOZADO<br \/>\n<strong>POSTRES<\/strong><br \/>\nCREMA CATALANA, FLAM, HELADO, FRUTA<\/p>\n<h3>17\u20ac IVA incluido<\/h3>\n<p>Pan, vino de la casa y agua, incluido en todos los men\u00fas<\/p>","protected":false},"excerpt":{"rendered":"<p>Men\u00fa fin de semana PRIMEROS ENSALADA DE BROTES VERDES y QUESO DE CABRA CON VINAGRETA DE M\u00d3DENA ARROZ MELOSO DE MONTA\u00d1A CANELONES DE LA ABUELA CREMA DE CALABAZA SOPA DE MEL\u00d2 ESCALIVADA CON ANCHOAS GASPACHO QUESO A LA BRASA ( Brie o Camembert ) PATATAS ENMASCARADAS CON CEPAS BRASA BUTIFARRA DE PAG\u00c9S CONILL ENTRAMA DE [&hellip;]<\/p>","protected":false},"author":1,"featured_media":0,"parent":0,"menu_order":0,"comment_status":"closed","ping_status":"closed","template":"","meta":{"_uag_custom_page_level_css":"","site-sidebar-layout":"no-sidebar","site-content-layout":"page-builder","ast-site-content-layout":"full-width-container","site-content-style":"default","site-sidebar-style":"default","ast-global-header-display":"","ast-banner-title-visibility":"","ast-main-header-display":"","ast-hfb-above-header-display":"","ast-hfb-below-header-display":"","ast-hfb-mobile-header-display":"","site-post-title":"disabled","ast-breadcrumbs-content":"","ast-featured-img":"disabled","footer-sml-layout":"","theme-transparent-header-meta":"","adv-header-id-meta":"","stick-header-meta":"","header-above-stick-meta":"","header-main-stick-meta":"","header-below-stick-meta":"","astra-migrate-meta-layouts":"set","ast-page-background-enabled":"default","ast-page-background-meta":{"desktop":{"background-color":"","background-image":"","background-repeat":"repeat","background-position":"center center","background-size":"auto","background-attachment":"scroll","background-type":"","background-media":"","overlay-type":"","overlay-color":"","overlay-opacity":"","overlay-gradient":""},"tablet":{"background-color":"","background-image":"","background-repeat":"repeat","background-position":"center center","background-size":"auto","background-attachment":"scroll","background-type":"","background-media":"","overlay-type":"","overlay-color":"","overlay-opacity":"","overlay-gradient":""},"mobile":{"background-color":"","background-image":"","background-repeat":"repeat","background-position":"center center","background-size":"auto","background-attachment":"scroll","background-type":"","background-media":"","overlay-type":"","overlay-color":"","overlay-opacity":"","overlay-gradient":""}},"ast-content-background-meta":{"desktop":{"background-color":"var(--ast-global-color-5)","background-image":"","background-repeat":"repeat","background-position":"center center","background-size":"auto","background-attachment":"scroll","background-type":"","background-media":"","overlay-type":"","overlay-color":"","overlay-opacity":"","overlay-gradient":""},"tablet":{"background-color":"var(--ast-global-color-5)","background-image":"","background-repeat":"repeat","background-position":"center center","background-size":"auto","background-attachment":"scroll","background-type":"","background-media":"","overlay-type":"","overlay-color":"","overlay-opacity":"","overlay-gradient":""},"mobile":{"background-color":"var(--ast-global-color-5)","background-image":"","background-repeat":"repeat","background-position":"center center","background-size":"auto","background-attachment":"scroll","background-type":"","background-media":"","overlay-type":"","overlay-color":"","overlay-opacity":"","overlay-gradient":""}},"footnotes":""},"class_list":["post-2667","page","type-page","status-publish","hentry"],"yoast_head":"<!-- This site is optimized with the Yoast SEO plugin v26.3 - https:\/\/yoast.com\/wordpress\/plugins\/seo\/ -->\n<title>Men\u00fa y Carta - Cal Ros Talamanca Grup<\/title>\n<meta name=\"robots\" content=\"index, follow, max-snippet:-1, max-image-preview:large, max-video-preview:-1\" \/>\n<link rel=\"canonical\" href=\"https:\/\/calrostalamanca.com\/es\/menu-cap-de-setmana\/\" \/>\n<meta property=\"og:locale\" content=\"es_ES\" \/>\n<meta property=\"og:type\" content=\"article\" \/>\n<meta property=\"og:title\" content=\"Men\u00fa y Carta - Cal Ros Talamanca Grup\" \/>\n<meta property=\"og:description\" content=\"Men\u00fa fin de semana PRIMEROS ENSALADA DE BROTES VERDES y QUESO DE CABRA CON VINAGRETA DE M\u00d3DENA ARROZ MELOSO DE MONTA\u00d1A CANELONES DE LA ABUELA CREMA DE CALABAZA SOPA DE MEL\u00d2 ESCALIVADA CON ANCHOAS GASPACHO QUESO A LA BRASA ( Brie o Camembert ) PATATAS ENMASCARADAS CON CEPAS BRASA BUTIFARRA DE PAG\u00c9S CONILL ENTRAMA DE [&hellip;]\" \/>\n<meta property=\"og:url\" content=\"https:\/\/calrostalamanca.com\/es\/menu-cap-de-setmana\/\" \/>\n<meta property=\"og:site_name\" content=\"Cal Ros Talamanca Grup\" \/>\n<meta property=\"article:modified_time\" content=\"2025-02-23T11:19:57+00:00\" \/>\n<meta name=\"twitter:card\" content=\"summary_large_image\" \/>\n<meta name=\"twitter:label1\" content=\"Tiempo de lectura\" \/>\n\t<meta name=\"twitter:data1\" content=\"1 minuto\" \/>\n<script type=\"application\/ld+json\" class=\"yoast-schema-graph\">{\"@context\":\"https:\/\/schema.org\",\"@graph\":[{\"@type\":\"WebPage\",\"@id\":\"https:\/\/calrostalamanca.com\/menu-cap-de-setmana\/\",\"url\":\"https:\/\/calrostalamanca.com\/menu-cap-de-setmana\/\",\"name\":\"Men\u00fa y Carta - Cal Ros Talamanca Grup\",\"isPartOf\":{\"@id\":\"https:\/\/calrostalamanca.com\/#website\"},\"datePublished\":\"2024-07-13T08:47:15+00:00\",\"dateModified\":\"2025-02-23T11:19:57+00:00\",\"breadcrumb\":{\"@id\":\"https:\/\/calrostalamanca.com\/menu-cap-de-setmana\/#breadcrumb\"},\"inLanguage\":\"es\",\"potentialAction\":[{\"@type\":\"ReadAction\",\"target\":[\"https:\/\/calrostalamanca.com\/menu-cap-de-setmana\/\"]}]},{\"@type\":\"BreadcrumbList\",\"@id\":\"https:\/\/calrostalamanca.com\/menu-cap-de-setmana\/#breadcrumb\",\"itemListElement\":[{\"@type\":\"ListItem\",\"position\":1,\"name\":\"Portada\",\"item\":\"https:\/\/calrostalamanca.com\/\"},{\"@type\":\"ListItem\",\"position\":2,\"name\":\"Men\u00fa y Carta\"}]},{\"@type\":\"WebSite\",\"@id\":\"https:\/\/calrostalamanca.com\/#website\",\"url\":\"https:\/\/calrostalamanca.com\/\",\"name\":\"Cal Ros Talamanca Grup\",\"description\":\"\",\"publisher\":{\"@id\":\"https:\/\/calrostalamanca.com\/#organization\"},\"potentialAction\":[{\"@type\":\"SearchAction\",\"target\":{\"@type\":\"EntryPoint\",\"urlTemplate\":\"https:\/\/calrostalamanca.com\/?s={search_term_string}\"},\"query-input\":{\"@type\":\"PropertyValueSpecification\",\"valueRequired\":true,\"valueName\":\"search_term_string\"}}],\"inLanguage\":\"es\"},{\"@type\":\"Organization\",\"@id\":\"https:\/\/calrostalamanca.com\/#organization\",\"name\":\"Cal Ros Talamanca Grup\",\"url\":\"https:\/\/calrostalamanca.com\/\",\"logo\":{\"@type\":\"ImageObject\",\"inLanguage\":\"es\",\"@id\":\"https:\/\/calrostalamanca.com\/#\/schema\/logo\/image\/\",\"url\":\"https:\/\/calrostalamanca.com\/wp-content\/uploads\/2024\/06\/1.png\",\"contentUrl\":\"https:\/\/calrostalamanca.com\/wp-content\/uploads\/2024\/06\/1.png\",\"width\":3600,\"height\":2025,\"caption\":\"Cal Ros Talamanca Grup\"},\"image\":{\"@id\":\"https:\/\/calrostalamanca.com\/#\/schema\/logo\/image\/\"}}]}<\/script>\n<!-- \/ Yoast SEO plugin. -->","yoast_head_json":{"title":"Men\u00fa y Carta - Cal Ros Talamanca Grup","robots":{"index":"index","follow":"follow","max-snippet":"max-snippet:-1","max-image-preview":"max-image-preview:large","max-video-preview":"max-video-preview:-1"},"canonical":"https:\/\/calrostalamanca.com\/es\/menu-cap-de-setmana\/","og_locale":"es_ES","og_type":"article","og_title":"Men\u00fa y Carta - Cal Ros Talamanca Grup","og_description":"Men\u00fa fin de semana PRIMEROS ENSALADA DE BROTES VERDES y QUESO DE CABRA CON VINAGRETA DE M\u00d3DENA ARROZ MELOSO DE MONTA\u00d1A CANELONES DE LA ABUELA CREMA DE CALABAZA SOPA DE MEL\u00d2 ESCALIVADA CON ANCHOAS GASPACHO QUESO A LA BRASA ( Brie o Camembert ) PATATAS ENMASCARADAS CON CEPAS BRASA BUTIFARRA DE PAG\u00c9S CONILL ENTRAMA DE [&hellip;]","og_url":"https:\/\/calrostalamanca.com\/es\/menu-cap-de-setmana\/","og_site_name":"Cal Ros Talamanca Grup","article_modified_time":"2025-02-23T11:19:57+00:00","twitter_card":"summary_large_image","twitter_misc":{"Tiempo de lectura":"1 minuto"},"schema":{"@context":"https:\/\/schema.org","@graph":[{"@type":"WebPage","@id":"https:\/\/calrostalamanca.com\/menu-cap-de-setmana\/","url":"https:\/\/calrostalamanca.com\/menu-cap-de-setmana\/","name":"Men\u00fa y Carta - Cal Ros Talamanca Grup","isPartOf":{"@id":"https:\/\/calrostalamanca.com\/#website"},"datePublished":"2024-07-13T08:47:15+00:00","dateModified":"2025-02-23T11:19:57+00:00","breadcrumb":{"@id":"https:\/\/calrostalamanca.com\/menu-cap-de-setmana\/#breadcrumb"},"inLanguage":"es","potentialAction":[{"@type":"ReadAction","target":["https:\/\/calrostalamanca.com\/menu-cap-de-setmana\/"]}]},{"@type":"BreadcrumbList","@id":"https:\/\/calrostalamanca.com\/menu-cap-de-setmana\/#breadcrumb","itemListElement":[{"@type":"ListItem","position":1,"name":"Portada","item":"https:\/\/calrostalamanca.com\/"},{"@type":"ListItem","position":2,"name":"Men\u00fa y Carta"}]},{"@type":"WebSite","@id":"https:\/\/calrostalamanca.com\/#website","url":"https:\/\/calrostalamanca.com\/","name":"Cal Ros Talamanca Grupo","description":"","publisher":{"@id":"https:\/\/calrostalamanca.com\/#organization"},"potentialAction":[{"@type":"SearchAction","target":{"@type":"EntryPoint","urlTemplate":"https:\/\/calrostalamanca.com\/?s={search_term_string}"},"query-input":{"@type":"PropertyValueSpecification","valueRequired":true,"valueName":"search_term_string"}}],"inLanguage":"es"},{"@type":"Organization","@id":"https:\/\/calrostalamanca.com\/#organization","name":"Cal Ros Talamanca Grupo","url":"https:\/\/calrostalamanca.com\/","logo":{"@type":"ImageObject","inLanguage":"es","@id":"https:\/\/calrostalamanca.com\/#\/schema\/logo\/image\/","url":"https:\/\/calrostalamanca.com\/wp-content\/uploads\/2024\/06\/1.png","contentUrl":"https:\/\/calrostalamanca.com\/wp-content\/uploads\/2024\/06\/1.png","width":3600,"height":2025,"caption":"Cal Ros Talamanca Grup"},"image":{"@id":"https:\/\/calrostalamanca.com\/#\/schema\/logo\/image\/"}}]}},"uagb_featured_image_src":{"full":false,"thumbnail":false,"medium":false,"medium_large":false,"large":false,"1536x1536":false,"2048x2048":false,"trp-custom-language-flag":false},"uagb_author_info":{"display_name":"admin","author_link":"https:\/\/calrostalamanca.com\/es\/author\/soporte_cktwuwd3\/"},"uagb_comment_info":0,"uagb_excerpt":"Men\u00fa fin de semana PRIMEROS ENSALADA DE BROTES VERDES y QUESO DE CABRA CON VINAGRETA DE M\u00d3DENA ARROZ MELOSO DE MONTA\u00d1A CANELONES DE LA ABUELA CREMA DE CALABAZA SOPA DE MEL\u00d2 ESCALIVADA CON ANCHOAS GASPACHO QUESO A LA BRASA ( Brie o Camembert ) PATATAS ENMASCARADAS CON CEPAS BRASA BUTIFARRA DE PAG\u00c9S CONILL ENTRAMA DE&hellip;","_links":{"self":[{"href":"https:\/\/calrostalamanca.com\/es\/wp-json\/wp\/v2\/pages\/2667","targetHints":{"allow":["GET"]}}],"collection":[{"href":"https:\/\/calrostalamanca.com\/es\/wp-json\/wp\/v2\/pages"}],"about":[{"href":"https:\/\/calrostalamanca.com\/es\/wp-json\/wp\/v2\/types\/page"}],"author":[{"embeddable":true,"href":"https:\/\/calrostalamanca.com\/es\/wp-json\/wp\/v2\/users\/1"}],"replies":[{"embeddable":true,"href":"https:\/\/calrostalamanca.com\/es\/wp-json\/wp\/v2\/comments?post=2667"}],"version-history":[{"count":46,"href":"https:\/\/calrostalamanca.com\/es\/wp-json\/wp\/v2\/pages\/2667\/revisions"}],"predecessor-version":[{"id":3858,"href":"https:\/\/calrostalamanca.com\/es\/wp-json\/wp\/v2\/pages\/2667\/revisions\/3858"}],"wp:attachment":[{"href":"https:\/\/calrostalamanca.com\/es\/wp-json\/wp\/v2\/media?parent=2667"}],"curies":[{"name":"wp","href":"https:\/\/api.w.org\/{rel}","templated":true}]}}