{"id":2313,"date":"2024-07-09T18:26:08","date_gmt":"2024-07-09T18:26:08","guid":{"rendered":"https:\/\/calrostalamanca.com\/?page_id=2313"},"modified":"2024-07-17T19:14:21","modified_gmt":"2024-07-17T19:14:21","slug":"politicas-de-accesibilidad","status":"publish","type":"page","link":"https:\/\/calrostalamanca.com\/es\/politicas-de-accesibilidad\/","title":{"rendered":"Pol\u00edticas de accesibilidad"},"content":{"rendered":"<div data-elementor-type=\"wp-page\" data-elementor-id=\"2313\" class=\"elementor elementor-2313\" data-elementor-post-type=\"page\">\n\t\t\t\t<div class=\"elementor-element elementor-element-0282dbf e-flex e-con-boxed e-con e-parent\" data-id=\"0282dbf\" data-element_type=\"container\" data-settings=\"{&quot;background_background&quot;:&quot;classic&quot;}\">\n\t\t\t\t\t<div class=\"e-con-inner\">\n\t\t\t\t<div class=\"elementor-element elementor-element-184883c elementor-widget elementor-widget-heading\" data-id=\"184883c\" data-element_type=\"widget\" data-widget_type=\"heading.default\">\n\t\t\t\t<div class=\"elementor-widget-container\">\n\t\t\t\t\t<h1 class=\"elementor-heading-title elementor-size-default\">Pol\u00edticas de accesibilidad<\/h1>\t\t\t\t<\/div>\n\t\t\t\t<\/div>\n\t\t\t\t\t<\/div>\n\t\t\t\t<\/div>\n\t\t<div class=\"elementor-element elementor-element-a2d56a1 e-flex e-con-boxed elementor-invisible e-con e-parent\" data-id=\"a2d56a1\" data-element_type=\"container\" data-settings=\"{&quot;background_background&quot;:&quot;classic&quot;,&quot;animation&quot;:&quot;fadeInRight&quot;}\">\n\t\t\t\t\t<div class=\"e-con-inner\">\n\t\t<div class=\"elementor-element elementor-element-8562a94 e-con-full e-flex e-con e-child\" data-id=\"8562a94\" data-element_type=\"container\" data-settings=\"{&quot;animation&quot;:&quot;none&quot;}\">\n\t\t\t\t<div class=\"elementor-element elementor-element-0994fa2 elementor-widget__width-initial elementor-invisible elementor-widget elementor-widget-text-editor\" data-id=\"0994fa2\" data-element_type=\"widget\" data-settings=\"{&quot;_animation&quot;:&quot;fadeIn&quot;,&quot;_animation_delay&quot;:200}\" data-widget_type=\"text-editor.default\">\n\t\t\t\t<div class=\"elementor-widget-container\">\n\t\t\t\t\t\t\t\t\t<p>CAL ROS TALAMANCA se ha comprometido a hacer accesible su sitio web, de conformidad con el Real Decreto 1112\/2018, de 7 de septiembre, sobre accesibilidad de los sitios web y aplicaciones para dispositivos m\u00f3viles del sector p\u00fablico. Esta declaraci\u00f3n de accesibilidad se aplica a esta web.<\/p><div class=\"page-content\"><div class=\"elementor elementor-325\" data-elementor-type=\"wp-page\" data-elementor-id=\"325\"><div class=\"elementor-element elementor-element-58c7539 e-flex e-con-boxed e-con e-parent e-lazyloaded\" data-id=\"58c7539\" data-element_type=\"container\"><div class=\"e-con-inner\"><div class=\"elementor-element elementor-element-0b7675c elementor-widget elementor-widget-text-editor\" data-id=\"0b7675c\" data-element_type=\"widget\" data-widget_type=\"text-editor.default\"><div class=\"elementor-widget-container\"><h2 class=\"wp-block-heading\">Situaci\u00f3n de cumplimiento<\/h2><p>Este sitio web est\u00e1 desarrollado de acuerdo con el RD 1112\/2018<\/p><h2 class=\"wp-block-heading\">Preparaci\u00f3n para la siguiente declaraci\u00f3n de accesibilidad<\/h2><p>Esta declaraci\u00f3n fue preparada el 20 de mayo de 2023.<\/p><p>El m\u00e9todo empleado para preparar la declaraci\u00f3n ha sido una autoevaluaci\u00f3n.<\/p><h2 class=\"wp-block-heading\">Contenido opcional<\/h2><p>Puede realizar comunicaciones sobre requisitos de accesibilidad (art\u00edculo 10.2.a del RD 1112\/2018) como:<\/p><ul><li>Informar sobre cualquier posible incumplimiento por parte de este sitio web<\/li><li>Transmitir otras dificultades de acceso al contenido<\/li><li>Formular cualquier otra consulta o sugerencia de mejora relativa a la accesibilidad del sitio web a trav\u00e9s del\u00a0<a href=\"https:\/\/calrostalamanca.com\/es\/contacte-2\/\">formulario de contacto<\/a> de este sitio web oa trav\u00e9s del n\u00famero de tel\u00e9fono: <a href=\"http:\/\/683 63 42 99\" data-wplink-url-error=\"true\">683 63 42 99<\/a><\/li><\/ul><p>Puede presentar:<\/p><ul><li>Queja relativa al cumplimiento de los requisitos del RD 1112\/2018<\/li><li>Solicitud de informaci\u00f3n accesible relativa a:<ul><li>Contenidos que est\u00e1n excluidos del \u00e1mbito de aplicaci\u00f3n del RD 1112\/2018 seg\u00fan lo que establece el art\u00edculo 3, apartado 4<\/li><li>Contenidos que est\u00e1n exentos del cumplimiento de los requisitos de accesibilidad para imponer una carga desproporcionada<\/li><li>En la Solicitud de informaci\u00f3n accesible, deben concretarse, con toda claridad, los hechos, las razones y la petici\u00f3n que permitan constatar que se trata de una solicitud razonable y leg\u00edtima.<\/li><\/ul><\/li><\/ul><p>Las quejas y reclamaciones sobre informaci\u00f3n accesible se realizar\u00e1n a trav\u00e9s de la sede electr\u00f3nica (<a href=\"https:\/\/sede.red.gob.es\/procedimientos\/quejas-y-sugerencias\" target=\"_blank\" rel=\"noreferrer noopener\">https:\/\/sede.red.gob.es\/procedimientos\/quejas-y-sugerencias<\/a>), y ser\u00e1n recibidas y tratadas por el \u00e1rea de Sistemas de la Informaci\u00f3n de Red.es.<\/p><h2 class=\"wp-block-heading\">Observaciones y datos de contacto<\/h2><ul><li>Si desea cambiar el tama\u00f1o de letra del texto en los principales navegadores gr\u00e1ficos utilice los siguientes men\u00fas:<\/li><li>Safari: Ver &gt; Hacer el texto m\u00e1s grande<\/li><li>Chrome: Controla la p\u00e1gina actual &gt; Tama\u00f1o del texto<\/li><\/ul><p>Para modificar el tama\u00f1o de todo en la p\u00e1gina:<\/p><ul><li>Ctrl++ para aumentarlo<\/li><li>Ctrl + \u2013 para disminuirlo<\/li><li>Ctrl+0 restaura el tama\u00f1o original del texto<\/li><li>Si lo que desea es anular la hoja de estilos o modificar el color del texto, puede consultar la p\u00e1gina \u00bfC\u00f3mo cambiar el tama\u00f1o del texto o colores?<\/li><\/ul><\/div><\/div><\/div><\/div><\/div><\/div>\t\t\t\t\t\t\t\t<\/div>\n\t\t\t\t<\/div>\n\t\t\t\t<\/div>\n\t\t\t\t\t<\/div>\n\t\t\t\t<\/div>\n\t\t\t\t<\/div>","protected":false},"excerpt":{"rendered":"<p>Pol\u00edticas de accesibilidad CAL ROS TALAMANCA se ha comprometido a hacer accesible su sitio web, de conformidad con el Real Decreto 1112\/2018, de 7 de septiembre, sobre accesibilidad de los sitios web y aplicaciones para dispositivos m\u00f3viles del sector p\u00fablico. Esta declaraci\u00f3n de accesibilidad se aplica a esta web. Situaci\u00f3n de cumplimiento Este sitio web [\u2026]<\/p>","protected":false},"author":1,"featured_media":0,"parent":0,"menu_order":0,"comment_status":"closed","ping_status":"closed","template":"","meta":{"_uag_custom_page_level_css":"","site-sidebar-layout":"no-sidebar","site-content-layout":"page-builder","ast-site-content-layout":"full-width-container","site-content-style":"default","site-sidebar-style":"default","ast-global-header-display":"","ast-banner-title-visibility":"","ast-main-header-display":"","ast-hfb-above-header-display":"","ast-hfb-below-header-display":"","ast-hfb-mobile-header-display":"","site-post-title":"disabled","ast-breadcrumbs-content":"","ast-featured-img":"disabled","footer-sml-layout":"","theme-transparent-header-meta":"","adv-header-id-meta":"","stick-header-meta":"","header-above-stick-meta":"","header-main-stick-meta":"","header-below-stick-meta":"","astra-migrate-meta-layouts":"set","ast-page-background-enabled":"default","ast-page-background-meta":{"desktop":{"background-color":"","background-image":"","background-repeat":"repeat","background-position":"center center","background-size":"auto","background-attachment":"scroll","background-type":"","background-media":"","overlay-type":"","overlay-color":"","overlay-opacity":"","overlay-gradient":""},"tablet":{"background-color":"","background-image":"","background-repeat":"repeat","background-position":"center center","background-size":"auto","background-attachment":"scroll","background-type":"","background-media":"","overlay-type":"","overlay-color":"","overlay-opacity":"","overlay-gradient":""},"mobile":{"background-color":"","background-image":"","background-repeat":"repeat","background-position":"center center","background-size":"auto","background-attachment":"scroll","background-type":"","background-media":"","overlay-type":"","overlay-color":"","overlay-opacity":"","overlay-gradient":""}},"ast-content-background-meta":{"desktop":{"background-color":"var(--ast-global-color-5)","background-image":"","background-repeat":"repeat","background-position":"center center","background-size":"auto","background-attachment":"scroll","background-type":"","background-media":"","overlay-type":"","overlay-color":"","overlay-opacity":"","overlay-gradient":""},"tablet":{"background-color":"var(--ast-global-color-5)","background-image":"","background-repeat":"repeat","background-position":"center center","background-size":"auto","background-attachment":"scroll","background-type":"","background-media":"","overlay-type":"","overlay-color":"","overlay-opacity":"","overlay-gradient":""},"mobile":{"background-color":"var(--ast-global-color-5)","background-image":"","background-repeat":"repeat","background-position":"center center","background-size":"auto","background-attachment":"scroll","background-type":"","background-media":"","overlay-type":"","overlay-color":"","overlay-opacity":"","overlay-gradient":""}},"footnotes":""},"class_list":["post-2313","page","type-page","status-publish","hentry"],"yoast_head":"<!-- This site is optimized with the Yoast SEO plugin v26.3 - https:\/\/yoast.com\/wordpress\/plugins\/seo\/ -->\n<title>Pol\u00edticas de accesibilidad - Cal Ros Talamanca Grup<\/title>\n<meta name=\"robots\" content=\"index, follow, max-snippet:-1, max-image-preview:large, max-video-preview:-1\" \/>\n<link rel=\"canonical\" href=\"https:\/\/calrostalamanca.com\/es\/politicas-de-accesibilidad\/\" \/>\n<meta property=\"og:locale\" content=\"es_ES\" \/>\n<meta property=\"og:type\" content=\"article\" \/>\n<meta property=\"og:title\" content=\"Pol\u00edticas de accesibilidad - Cal Ros Talamanca Grup\" \/>\n<meta property=\"og:description\" content=\"Pol\u00edticas de accesibilidad CAL ROS TALAMANCA se ha comprometido a hacer accesible su sitio web, de conformidad con el Real Decreto 1112\/2018, de 7 de septiembre, sobre accesibilidad de los sitios web y aplicaciones para dispositivos m\u00f3viles del sector p\u00fablico. Esta declaraci\u00f3n de accesibilidad se aplica a esta web. Situaci\u00f3n de cumplimiento Este sitio web [&hellip;]\" \/>\n<meta property=\"og:url\" content=\"https:\/\/calrostalamanca.com\/es\/politicas-de-accesibilidad\/\" \/>\n<meta property=\"og:site_name\" content=\"Cal Ros Talamanca Grup\" \/>\n<meta property=\"article:modified_time\" content=\"2024-07-17T19:14:21+00:00\" \/>\n<meta name=\"twitter:card\" content=\"summary_large_image\" \/>\n<meta name=\"twitter:label1\" content=\"Tiempo de lectura\" \/>\n\t<meta name=\"twitter:data1\" content=\"2 minutos\" \/>\n<script type=\"application\/ld+json\" class=\"yoast-schema-graph\">{\"@context\":\"https:\/\/schema.org\",\"@graph\":[{\"@type\":\"WebPage\",\"@id\":\"https:\/\/calrostalamanca.com\/politicas-de-accesibilidad\/\",\"url\":\"https:\/\/calrostalamanca.com\/politicas-de-accesibilidad\/\",\"name\":\"Pol\u00edticas de accesibilidad - Cal Ros Talamanca Grup\",\"isPartOf\":{\"@id\":\"https:\/\/calrostalamanca.com\/#website\"},\"datePublished\":\"2024-07-09T18:26:08+00:00\",\"dateModified\":\"2024-07-17T19:14:21+00:00\",\"breadcrumb\":{\"@id\":\"https:\/\/calrostalamanca.com\/politicas-de-accesibilidad\/#breadcrumb\"},\"inLanguage\":\"es\",\"potentialAction\":[{\"@type\":\"ReadAction\",\"target\":[\"https:\/\/calrostalamanca.com\/politicas-de-accesibilidad\/\"]}]},{\"@type\":\"BreadcrumbList\",\"@id\":\"https:\/\/calrostalamanca.com\/politicas-de-accesibilidad\/#breadcrumb\",\"itemListElement\":[{\"@type\":\"ListItem\",\"position\":1,\"name\":\"Portada\",\"item\":\"https:\/\/calrostalamanca.com\/\"},{\"@type\":\"ListItem\",\"position\":2,\"name\":\"Pol\u00edticas de accesibilidad\"}]},{\"@type\":\"WebSite\",\"@id\":\"https:\/\/calrostalamanca.com\/#website\",\"url\":\"https:\/\/calrostalamanca.com\/\",\"name\":\"Cal Ros Talamanca Grup\",\"description\":\"\",\"publisher\":{\"@id\":\"https:\/\/calrostalamanca.com\/#organization\"},\"potentialAction\":[{\"@type\":\"SearchAction\",\"target\":{\"@type\":\"EntryPoint\",\"urlTemplate\":\"https:\/\/calrostalamanca.com\/?s={search_term_string}\"},\"query-input\":{\"@type\":\"PropertyValueSpecification\",\"valueRequired\":true,\"valueName\":\"search_term_string\"}}],\"inLanguage\":\"es\"},{\"@type\":\"Organization\",\"@id\":\"https:\/\/calrostalamanca.com\/#organization\",\"name\":\"Cal Ros Talamanca Grup\",\"url\":\"https:\/\/calrostalamanca.com\/\",\"logo\":{\"@type\":\"ImageObject\",\"inLanguage\":\"es\",\"@id\":\"https:\/\/calrostalamanca.com\/#\/schema\/logo\/image\/\",\"url\":\"https:\/\/calrostalamanca.com\/wp-content\/uploads\/2024\/06\/1.png\",\"contentUrl\":\"https:\/\/calrostalamanca.com\/wp-content\/uploads\/2024\/06\/1.png\",\"width\":3600,\"height\":2025,\"caption\":\"Cal Ros Talamanca Grup\"},\"image\":{\"@id\":\"https:\/\/calrostalamanca.com\/#\/schema\/logo\/image\/\"}}]}<\/script>\n<!-- \/ Yoast SEO plugin. -->","yoast_head_json":{"title":"Pol\u00edticas de accesibilidad - Cal Ros Talamanca Grupo","robots":{"index":"index","follow":"follow","max-snippet":"max-snippet:-1","max-image-preview":"max-image-preview:large","max-video-preview":"max-video-preview:-1"},"canonical":"https:\/\/calrostalamanca.com\/es\/politicas-de-accesibilidad\/","og_locale":"es_ES","og_type":"article","og_title":"Pol\u00edticas de accesibilidad - Cal Ros Talamanca Grup","og_description":"Pol\u00edticas de accesibilidad CAL ROS TALAMANCA se ha comprometido a hacer accesible su sitio web, de conformidad con el Real Decreto 1112\/2018, de 7 de septiembre, sobre accesibilidad de los sitios web y aplicaciones para dispositivos m\u00f3viles del sector p\u00fablico. Esta declaraci\u00f3n de accesibilidad se aplica a esta web. Situaci\u00f3n de cumplimiento Este sitio web [&hellip;]","og_url":"https:\/\/calrostalamanca.com\/es\/politicas-de-accesibilidad\/","og_site_name":"Cal Ros Talamanca Grup","article_modified_time":"2024-07-17T19:14:21+00:00","twitter_card":"summary_large_image","twitter_misc":{"Tiempo de lectura":"2 minutos"},"schema":{"@context":"https:\/\/schema.org","@graph":[{"@type":"WebPage","@id":"https:\/\/calrostalamanca.com\/politicas-de-accesibilidad\/","url":"https:\/\/calrostalamanca.com\/politicas-de-accesibilidad\/","name":"Pol\u00edticas de accesibilidad - Cal Ros Talamanca Grupo","isPartOf":{"@id":"https:\/\/calrostalamanca.com\/#website"},"datePublished":"2024-07-09T18:26:08+00:00","dateModified":"2024-07-17T19:14:21+00:00","breadcrumb":{"@id":"https:\/\/calrostalamanca.com\/politicas-de-accesibilidad\/#breadcrumb"},"inLanguage":"es","potentialAction":[{"@type":"ReadAction","target":["https:\/\/calrostalamanca.com\/politicas-de-accesibilidad\/"]}]},{"@type":"BreadcrumbList","@id":"https:\/\/calrostalamanca.com\/politicas-de-accesibilidad\/#breadcrumb","itemListElement":[{"@type":"ListItem","position":1,"name":"Portada","item":"https:\/\/calrostalamanca.com\/"},{"@type":"ListItem","position":2,"name":"Pol\u00edticas de accesibilidad"}]},{"@type":"WebSite","@id":"https:\/\/calrostalamanca.com\/#website","url":"https:\/\/calrostalamanca.com\/","name":"Cal Ros Talamanca Grupo","description":"","publisher":{"@id":"https:\/\/calrostalamanca.com\/#organization"},"potentialAction":[{"@type":"SearchAction","target":{"@type":"EntryPoint","urlTemplate":"https:\/\/calrostalamanca.com\/?s={search_term_string}"},"query-input":{"@type":"PropertyValueSpecification","valueRequired":true,"valueName":"search_term_string"}}],"inLanguage":"es"},{"@type":"Organization","@id":"https:\/\/calrostalamanca.com\/#organization","name":"Cal Ros Talamanca Grupo","url":"https:\/\/calrostalamanca.com\/","logo":{"@type":"ImageObject","inLanguage":"es","@id":"https:\/\/calrostalamanca.com\/#\/schema\/logo\/image\/","url":"https:\/\/calrostalamanca.com\/wp-content\/uploads\/2024\/06\/1.png","contentUrl":"https:\/\/calrostalamanca.com\/wp-content\/uploads\/2024\/06\/1.png","width":3600,"height":2025,"caption":"Cal Ros Talamanca Grup"},"image":{"@id":"https:\/\/calrostalamanca.com\/#\/schema\/logo\/image\/"}}]}},"uagb_featured_image_src":{"full":false,"thumbnail":false,"medium":false,"medium_large":false,"large":false,"1536x1536":false,"2048x2048":false,"trp-custom-language-flag":false},"uagb_author_info":{"display_name":"admin","author_link":"https:\/\/calrostalamanca.com\/es\/author\/soporte_cktwuwd3\/"},"uagb_comment_info":0,"uagb_excerpt":"Pol\u00edticas de accesibilidad CAL ROS TALAMANCA se ha comprometido a hacer accesible su sitio web, de conformidad con el Real Decreto 1112\/2018, de 7 de septiembre, sobre accesibilidad de los sitios web y aplicaciones para dispositivos m\u00f3viles del sector p\u00fablico. Esta declaraci\u00f3n de accesibilidad se aplica a esta web. Situaci\u00f3n de cumplimiento Este sitio web&hellip;","_links":{"self":[{"href":"https:\/\/calrostalamanca.com\/es\/wp-json\/wp\/v2\/pages\/2313","targetHints":{"allow":["GET"]}}],"collection":[{"href":"https:\/\/calrostalamanca.com\/es\/wp-json\/wp\/v2\/pages"}],"about":[{"href":"https:\/\/calrostalamanca.com\/es\/wp-json\/wp\/v2\/types\/page"}],"author":[{"embeddable":true,"href":"https:\/\/calrostalamanca.com\/es\/wp-json\/wp\/v2\/users\/1"}],"replies":[{"embeddable":true,"href":"https:\/\/calrostalamanca.com\/es\/wp-json\/wp\/v2\/comments?post=2313"}],"version-history":[{"count":10,"href":"https:\/\/calrostalamanca.com\/es\/wp-json\/wp\/v2\/pages\/2313\/revisions"}],"predecessor-version":[{"id":2972,"href":"https:\/\/calrostalamanca.com\/es\/wp-json\/wp\/v2\/pages\/2313\/revisions\/2972"}],"wp:attachment":[{"href":"https:\/\/calrostalamanca.com\/es\/wp-json\/wp\/v2\/media?parent=2313"}],"curies":[{"name":"wp","href":"https:\/\/api.w.org\/{rel}","templated":true}]}}