{"id":2294,"date":"2024-07-09T18:15:07","date_gmt":"2024-07-09T18:15:07","guid":{"rendered":"https:\/\/calrostalamanca.com\/?page_id=2294"},"modified":"2024-07-17T19:12:46","modified_gmt":"2024-07-17T19:12:46","slug":"aviso-legal","status":"publish","type":"page","link":"https:\/\/calrostalamanca.com\/es\/aviso-legal\/","title":{"rendered":"Aviso legal"},"content":{"rendered":"<div data-elementor-type=\"wp-page\" data-elementor-id=\"2294\" class=\"elementor elementor-2294\" data-elementor-post-type=\"page\">\n\t\t\t\t<div class=\"elementor-element elementor-element-765467b e-flex e-con-boxed e-con e-parent\" data-id=\"765467b\" data-element_type=\"container\" data-settings=\"{&quot;background_background&quot;:&quot;classic&quot;}\">\n\t\t\t\t\t<div class=\"e-con-inner\">\n\t\t\t\t<div class=\"elementor-element elementor-element-b465623 elementor-widget elementor-widget-heading\" data-id=\"b465623\" data-element_type=\"widget\" data-widget_type=\"heading.default\">\n\t\t\t\t<div class=\"elementor-widget-container\">\n\t\t\t\t\t<h1 class=\"elementor-heading-title elementor-size-default\">Aviso legal<\/h1>\t\t\t\t<\/div>\n\t\t\t\t<\/div>\n\t\t\t\t\t<\/div>\n\t\t\t\t<\/div>\n\t\t<div class=\"elementor-element elementor-element-a2d56a1 e-flex e-con-boxed elementor-invisible e-con e-parent\" data-id=\"a2d56a1\" data-element_type=\"container\" data-settings=\"{&quot;background_background&quot;:&quot;classic&quot;,&quot;animation&quot;:&quot;fadeInRight&quot;}\">\n\t\t\t\t\t<div class=\"e-con-inner\">\n\t\t<div class=\"elementor-element elementor-element-8562a94 e-con-full e-flex e-con e-child\" data-id=\"8562a94\" data-element_type=\"container\" data-settings=\"{&quot;animation&quot;:&quot;none&quot;}\">\n\t\t\t\t<div class=\"elementor-element elementor-element-0994fa2 elementor-widget__width-initial elementor-invisible elementor-widget elementor-widget-text-editor\" data-id=\"0994fa2\" data-element_type=\"widget\" data-settings=\"{&quot;_animation&quot;:&quot;fadeIn&quot;,&quot;_animation_delay&quot;:200}\" data-widget_type=\"text-editor.default\">\n\t\t\t\t<div class=\"elementor-widget-container\">\n\t\t\t\t\t\t\t\t\t<h2 class=\"wp-block-heading\">Responsable del tratamiento de las datos<\/h2><p>En cumplimiento del deber de informaci\u00f3n que establece la Ley La 34\/2002, de 11 de julio, de Servicios de la Sociedad de la Informaci\u00f3n y del Comercio Electr\u00f3nico, le comunicamos que esta web es titularidad de:<\/p><ul><li>Web:\u00a0<a href=\"https:\/\/calrostalamanca.com\/es\/\">https:\/\/calrostalamanca.com\/<\/a><\/li><li>N\u00famero:\u00a0<strong><br \/><\/strong><\/li><li>Direcci\u00f3n: C\/Raval, 15, 08278 Talamanca, Barcelona<\/li><li>Tel\u00e9fono: <a href=\"http:\/\/683 63 42 99\" data-wplink-url-error=\"true\">683 63 42 99<\/a><\/li><li>Mail: <a href=\"\/es\/restaurantcalrostalamanca@gmail.com\/\">restaurantcalrostalamanca@gmail.com<\/a><\/li><\/ul><div>\u00a0<\/div><h2 class=\"wp-block-heading\">Objeto<\/h2><p>El Responsable pondr\u00e1 a disposici\u00f3n de los usuarios este documento con el que pretenda dar cumplimiento de lo dispuesto en la normativa vigente en materia de protecci\u00f3n de datos, y en el contexto del nuevo marco normativo establecido en virtud de lo dispuesto en el Reglamento (UE ) 2016\/679 del Parlamento Europeo y del Consejo, de 27 de abril de 2016, relativo a la protecci\u00f3n de las personas f\u00edsicas en cuanto al tratamiento de datos personales ya la libre circulaci\u00f3n de los mismos datos (en adelante, el \u201cRGPD\u201d), y la normativa nacional en materia de protecci\u00f3n de datos de car\u00e1cter personal, as\u00ed como informar a todos los usuarios del sitio web respecto a cu\u00e1les son las condiciones de uso del mismo.<\/p><p>Toda persona que acceda a este sitio web asume el papel de usuario, comprometi\u00e9ndose a la observancia y cumplimiento riguroso de las disposiciones aqu\u00ed dispuestas, as\u00ed como a cualquier otra disposici\u00f3n legal que sea de aplicaci\u00f3n.<\/p><p>El Responsable se reserva el derecho a modificar cualquier tipo de informaci\u00f3n que pudiera aparecer en el sitio web, sino que exista obligaci\u00f3n de preavisar o poner en conocimiento de los usuarios estas obligaciones, entendi\u00e9ndose como suficiente con la publicaci\u00f3n en el sitio web del Responsable.<\/p><h2 class=\"wp-block-heading\">Responsabilidad<\/h2><p>El Responsable se exime de cualquier tipo de responsabilidad derivada de la informaci\u00f3n publicada en su sitio web, siempre que esta informaci\u00f3n haya sido manipulada o introducida por un tercero ajeno al mismo.<\/p><h2 class=\"wp-block-heading\">Direcciones IP<\/h2><p>Los servidores del sitio web podr\u00e1n detectar autom\u00e1ticamente la direcci\u00f3n IP y el n\u00famero de dominio utilizados por el usuario.<\/p><p>Una direcci\u00f3n IP es un n\u00famero asignado autom\u00e1ticamente a un ordenador cuando \u00e9ste se conecta a Internet. Toda esta informaci\u00f3n est\u00e1 registrada en un archivo de actividad del servidor, debidamente inscrito, que permite el procesamiento posterior de las datos para obtener medidas \u00fanicamente estad\u00edsticas que permitan conocer el n\u00famero de impresiones de p\u00e1ginas, el n\u00famero de visitas realizadas a los servidores web, orden de visitas, punto de acceso, etc.<\/p><h2 class=\"wp-block-heading\">Pol\u00edtica de enlaces<\/h2><p>Desde este sitio web es posible que se redirija a contenidos de terceros sitios web. Dado que El Responsable no puede controlar siempre los contenidos introducidos por los terceros en sus sitios web, \u00e9ste no asume ning\u00fan tipo de responsabilidad respecto a estos contenidos. En todo caso, El Responsable manifiesta que proceder\u00e1 a la retirada inmediata de cualquier contenido que pudiera contravenir la legislaci\u00f3n nacional o internacional, la moral o el orden p\u00fablico, procediendo a la retirada inmediata de la redirecci\u00f3n a este sitio web, poniendo en conocimiento de las autoridades competentes el contenido en cuesti\u00f3n.<\/p><p>El Responsable no se hace responsable de la informaci\u00f3n y contenidos almacenados, a t\u00edtulo enunciativo pero no limitativo, en foros, chats, generadores de blogs, comentarios, redes sociales o cualquier otro medio que permita a terceros publicar contenidos de forma independiente en la p\u00e1gina web del Responsable. Sin embargo y en cumplimiento de lo dispuesto en el art. 11 y 16 de la LSSICE, El Responsable se pondr\u00e1 a disposici\u00f3n de todos los usuarios, autoridades y fuerzas de seguridad, colaborando de forma activa en la retirada o en su caso bloqueo de todos aquellos contenidos que pudieran afectar o contravenir la legislaci\u00f3n nacional, o internacional, derechos de terceros o la moral y el orden p\u00fablico. En caso de que el usuario considere que existe en el sitio web alg\u00fan contenido que pudiera ser susceptible de esta clasificaci\u00f3n,<\/p><p>Este sitio web ha sido revisado y probado para que funcione correctamente. En principio, puede garantizarse el correcto funcionamiento los 365 d\u00edas del a\u00f1o, 24 horas al d\u00eda. No obstante, El Responsable no descarta la posibilidad de que existan ciertos errores de programaci\u00f3n, o que se conviertan en causas de fuerza mayor, cat\u00e1strofes naturales, huelgas, o circunstancias similares que hayan imposible el acceso a la p\u00e1gina web.<\/p><h2 class=\"wp-block-heading\">Protecci\u00f3n de datos<\/h2><p>El Responsable se encuentra profundamente comprometido en el cumplimiento de lo dispuesto en la normativa vigente en materia de protecci\u00f3n de datos, y en el contexto del nuevo marco normativo establecido en virtud de lo dispuesto en el Reglamento (UE) 2016\/679 del Parlamento Europeo y del Consejo , de 27 de abril de 2016, relativo a la protecci\u00f3n de las personas f\u00edsicas en cuanto al tratamiento de datos personales ya la libre circulaci\u00f3n de estas datos (en adelante, el RGPD), y la normativa nacional en materia de protecci\u00f3n de datos de car\u00e1cter personal.<\/p><p>Asimismo, El Responsable informa que da cumplimiento a la Ley 34\/2002 de 11 de julio, de Servicios de la Sociedad de la Informaci\u00f3n y el Comercio Electr\u00f3nico y le solicitar\u00e1 su consentimiento al tratamiento de sus datos con fines comerciales en cada momento.<\/p><h2 class=\"wp-block-heading\">Propiedad intelectual e industrial<\/h2><p>El sitio web, incluyendo a t\u00edtulo enunciativo pero no limitativo su programaci\u00f3n, edici\u00f3n, compilaci\u00f3n y otros elementos necesarios para su funcionamiento, los dise\u00f1os, logotipos, texto y\/o gr\u00e1ficos son propiedad del Responsable o en su caso dispone de licencia o autorizaci\u00f3n expresa por parte de los autores. Todos los contenidos del sitio web est\u00e1n debidamente protegidos por la normativa de propiedad intelectual e industrial. Independientemente de la finalidad para la que fuesen destinados, la reproducci\u00f3n total o parcial, uso, explotaci\u00f3n, distribuci\u00f3n y comercializaci\u00f3n requiere en todo caso la autorizaci\u00f3n escrita previa por parte del Responsable. Cualquier uso no autorizado previamente por el responsable ser\u00e1 considerado un incumplimiento grave de los derechos de propiedad intelectual o industrial del autor. Los dise\u00f1os, logotipos, texto y\/o gr\u00e1ficos ajenos al prestamista y que pudieran aparecer en el sitio web, pertenecen a sus respectivos propietarios, siendo ellos mismos responsables de cualquier posible controversia que pudiera suscitarse respecto a \u00e9stos. En todo caso, El Responsable cuenta con la autorizaci\u00f3n expresa y previa por parte de los mismos. El Responsable autoriza expresamente a que terceros puedan redirigir directamente a los contenidos concretos del sitio web, y en todo caso debe redirigir a la p\u00e1gina principal del sitio web del Responsable. El Responsable reconoce a favor de sus titulares los correspondiente derechos de propiedad intelectual e industrial, y no implica su sola menci\u00f3n o aparici\u00f3n en el sitio web la existencia de derechos o responsabilidad del Responsable sobre \u00e9stos, como tampoco soporte, patrocinio o recomendaci\u00f3n por su parto . Para todas aquellas im\u00e1genes en las que el software de dise\u00f1o lo permite, se han incluido las referencias correspondiente a la autor\u00eda y licencia correspondiente. Para realizar cualquier tipo de observaci\u00f3n respecto a posibles incumplimientos de los derechos de propiedad intelectual o industrial, as\u00ed como sobre cualquiera de los contenidos del sitio web, puede hacerlo a trav\u00e9s del siguiente correo electr\u00f3nico:<\/p><p><a href=\"\/es\/restaurantcalrostalamanca@gmail.com\/\">restaurantcalrostalamanca@gmail.com<\/a><\/p>\t\t\t\t\t\t\t\t<\/div>\n\t\t\t\t<\/div>\n\t\t\t\t<\/div>\n\t\t\t\t\t<\/div>\n\t\t\t\t<\/div>\n\t\t\t\t<\/div>","protected":false},"excerpt":{"rendered":"<p>Aviso legal Responsable del tratamiento de los datos En cumplimiento del deber de informaci\u00f3n que establece la Ley La 34\/2002, de 11 de julio, de Servicios de la Sociedad de la Informaci\u00f3n y del Comercio Electr\u00f3nico, le comunicamos que esta web es titularidad de: Web:\u00a0https:\/\/calrostalamanca.com\/ Nombre:\u00a0 Direcci\u00f3n: C\/Raval, 15, 08278 Talamanca, Barcelona Tel\u00e9fono: 683 63 [&hellip;]<\/p>","protected":false},"author":1,"featured_media":0,"parent":0,"menu_order":0,"comment_status":"closed","ping_status":"closed","template":"","meta":{"_uag_custom_page_level_css":"","site-sidebar-layout":"no-sidebar","site-content-layout":"page-builder","ast-site-content-layout":"full-width-container","site-content-style":"default","site-sidebar-style":"default","ast-global-header-display":"","ast-banner-title-visibility":"","ast-main-header-display":"","ast-hfb-above-header-display":"","ast-hfb-below-header-display":"","ast-hfb-mobile-header-display":"","site-post-title":"disabled","ast-breadcrumbs-content":"","ast-featured-img":"disabled","footer-sml-layout":"","theme-transparent-header-meta":"","adv-header-id-meta":"","stick-header-meta":"","header-above-stick-meta":"","header-main-stick-meta":"","header-below-stick-meta":"","astra-migrate-meta-layouts":"set","ast-page-background-enabled":"default","ast-page-background-meta":{"desktop":{"background-color":"","background-image":"","background-repeat":"repeat","background-position":"center center","background-size":"auto","background-attachment":"scroll","background-type":"","background-media":"","overlay-type":"","overlay-color":"","overlay-opacity":"","overlay-gradient":""},"tablet":{"background-color":"","background-image":"","background-repeat":"repeat","background-position":"center center","background-size":"auto","background-attachment":"scroll","background-type":"","background-media":"","overlay-type":"","overlay-color":"","overlay-opacity":"","overlay-gradient":""},"mobile":{"background-color":"","background-image":"","background-repeat":"repeat","background-position":"center center","background-size":"auto","background-attachment":"scroll","background-type":"","background-media":"","overlay-type":"","overlay-color":"","overlay-opacity":"","overlay-gradient":""}},"ast-content-background-meta":{"desktop":{"background-color":"var(--ast-global-color-5)","background-image":"","background-repeat":"repeat","background-position":"center center","background-size":"auto","background-attachment":"scroll","background-type":"","background-media":"","overlay-type":"","overlay-color":"","overlay-opacity":"","overlay-gradient":""},"tablet":{"background-color":"var(--ast-global-color-5)","background-image":"","background-repeat":"repeat","background-position":"center center","background-size":"auto","background-attachment":"scroll","background-type":"","background-media":"","overlay-type":"","overlay-color":"","overlay-opacity":"","overlay-gradient":""},"mobile":{"background-color":"var(--ast-global-color-5)","background-image":"","background-repeat":"repeat","background-position":"center center","background-size":"auto","background-attachment":"scroll","background-type":"","background-media":"","overlay-type":"","overlay-color":"","overlay-opacity":"","overlay-gradient":""}},"footnotes":""},"class_list":["post-2294","page","type-page","status-publish","hentry"],"yoast_head":"<!-- This site is optimized with the Yoast SEO plugin v26.3 - https:\/\/yoast.com\/wordpress\/plugins\/seo\/ -->\n<title>Aviso legal - Cal Ros Talamanca Grup<\/title>\n<meta name=\"robots\" content=\"index, follow, max-snippet:-1, max-image-preview:large, max-video-preview:-1\" \/>\n<link rel=\"canonical\" href=\"https:\/\/calrostalamanca.com\/es\/aviso-legal\/\" \/>\n<meta property=\"og:locale\" content=\"es_ES\" \/>\n<meta property=\"og:type\" content=\"article\" \/>\n<meta property=\"og:title\" content=\"Aviso legal - Cal Ros Talamanca Grup\" \/>\n<meta property=\"og:description\" content=\"Aviso legal Responsable del tratamiento de los datos En cumplimiento del deber de informaci\u00f3n que establece la Ley La 34\/2002, de 11 de julio, de Servicios de la Sociedad de la Informaci\u00f3n y del Comercio Electr\u00f3nico, le comunicamos que esta web es titularidad de: Web:\u00a0https:\/\/calrostalamanca.com\/ Nombre:\u00a0 Direcci\u00f3n: C\/Raval, 15, 08278 Talamanca, Barcelona Tel\u00e9fono: 683 63 [&hellip;]\" \/>\n<meta property=\"og:url\" content=\"https:\/\/calrostalamanca.com\/es\/aviso-legal\/\" \/>\n<meta property=\"og:site_name\" content=\"Cal Ros Talamanca Grup\" \/>\n<meta property=\"article:modified_time\" content=\"2024-07-17T19:12:46+00:00\" \/>\n<meta name=\"twitter:card\" content=\"summary_large_image\" \/>\n<meta name=\"twitter:label1\" content=\"Tiempo de lectura\" \/>\n\t<meta name=\"twitter:data1\" content=\"6 minutos\" \/>\n<script type=\"application\/ld+json\" class=\"yoast-schema-graph\">{\"@context\":\"https:\/\/schema.org\",\"@graph\":[{\"@type\":\"WebPage\",\"@id\":\"https:\/\/calrostalamanca.com\/aviso-legal\/\",\"url\":\"https:\/\/calrostalamanca.com\/aviso-legal\/\",\"name\":\"Aviso legal - Cal Ros Talamanca Grup\",\"isPartOf\":{\"@id\":\"https:\/\/calrostalamanca.com\/#website\"},\"datePublished\":\"2024-07-09T18:15:07+00:00\",\"dateModified\":\"2024-07-17T19:12:46+00:00\",\"breadcrumb\":{\"@id\":\"https:\/\/calrostalamanca.com\/aviso-legal\/#breadcrumb\"},\"inLanguage\":\"es\",\"potentialAction\":[{\"@type\":\"ReadAction\",\"target\":[\"https:\/\/calrostalamanca.com\/aviso-legal\/\"]}]},{\"@type\":\"BreadcrumbList\",\"@id\":\"https:\/\/calrostalamanca.com\/aviso-legal\/#breadcrumb\",\"itemListElement\":[{\"@type\":\"ListItem\",\"position\":1,\"name\":\"Portada\",\"item\":\"https:\/\/calrostalamanca.com\/\"},{\"@type\":\"ListItem\",\"position\":2,\"name\":\"Aviso legal\"}]},{\"@type\":\"WebSite\",\"@id\":\"https:\/\/calrostalamanca.com\/#website\",\"url\":\"https:\/\/calrostalamanca.com\/\",\"name\":\"Cal Ros Talamanca Grup\",\"description\":\"\",\"publisher\":{\"@id\":\"https:\/\/calrostalamanca.com\/#organization\"},\"potentialAction\":[{\"@type\":\"SearchAction\",\"target\":{\"@type\":\"EntryPoint\",\"urlTemplate\":\"https:\/\/calrostalamanca.com\/?s={search_term_string}\"},\"query-input\":{\"@type\":\"PropertyValueSpecification\",\"valueRequired\":true,\"valueName\":\"search_term_string\"}}],\"inLanguage\":\"es\"},{\"@type\":\"Organization\",\"@id\":\"https:\/\/calrostalamanca.com\/#organization\",\"name\":\"Cal Ros Talamanca Grup\",\"url\":\"https:\/\/calrostalamanca.com\/\",\"logo\":{\"@type\":\"ImageObject\",\"inLanguage\":\"es\",\"@id\":\"https:\/\/calrostalamanca.com\/#\/schema\/logo\/image\/\",\"url\":\"https:\/\/calrostalamanca.com\/wp-content\/uploads\/2024\/06\/1.png\",\"contentUrl\":\"https:\/\/calrostalamanca.com\/wp-content\/uploads\/2024\/06\/1.png\",\"width\":3600,\"height\":2025,\"caption\":\"Cal Ros Talamanca Grup\"},\"image\":{\"@id\":\"https:\/\/calrostalamanca.com\/#\/schema\/logo\/image\/\"}}]}<\/script>\n<!-- \/ Yoast SEO plugin. -->","yoast_head_json":{"title":"Aviso legal - Cal Ros Talamanca Grup","robots":{"index":"index","follow":"follow","max-snippet":"max-snippet:-1","max-image-preview":"max-image-preview:large","max-video-preview":"max-video-preview:-1"},"canonical":"https:\/\/calrostalamanca.com\/es\/aviso-legal\/","og_locale":"es_ES","og_type":"article","og_title":"Aviso legal - Cal Ros Talamanca Grup","og_description":"Aviso legal Responsable del tratamiento de los datos En cumplimiento del deber de informaci\u00f3n que establece la Ley La 34\/2002, de 11 de julio, de Servicios de la Sociedad de la Informaci\u00f3n y del Comercio Electr\u00f3nico, le comunicamos que esta web es titularidad de: Web:\u00a0https:\/\/calrostalamanca.com\/ Nombre:\u00a0 Direcci\u00f3n: C\/Raval, 15, 08278 Talamanca, Barcelona Tel\u00e9fono: 683 63 [&hellip;]","og_url":"https:\/\/calrostalamanca.com\/es\/aviso-legal\/","og_site_name":"Cal Ros Talamanca Grup","article_modified_time":"2024-07-17T19:12:46+00:00","twitter_card":"summary_large_image","twitter_misc":{"Tiempo de lectura":"6 minutos"},"schema":{"@context":"https:\/\/schema.org","@graph":[{"@type":"WebPage","@id":"https:\/\/calrostalamanca.com\/aviso-legal\/","url":"https:\/\/calrostalamanca.com\/aviso-legal\/","name":"Aviso legal - Cal Ros Talamanca Grup","isPartOf":{"@id":"https:\/\/calrostalamanca.com\/#website"},"datePublished":"2024-07-09T18:15:07+00:00","dateModified":"2024-07-17T19:12:46+00:00","breadcrumb":{"@id":"https:\/\/calrostalamanca.com\/aviso-legal\/#breadcrumb"},"inLanguage":"es","potentialAction":[{"@type":"ReadAction","target":["https:\/\/calrostalamanca.com\/aviso-legal\/"]}]},{"@type":"BreadcrumbList","@id":"https:\/\/calrostalamanca.com\/aviso-legal\/#breadcrumb","itemListElement":[{"@type":"ListItem","position":1,"name":"Portada","item":"https:\/\/calrostalamanca.com\/"},{"@type":"ListItem","position":2,"name":"Aviso legal"}]},{"@type":"WebSite","@id":"https:\/\/calrostalamanca.com\/#website","url":"https:\/\/calrostalamanca.com\/","name":"Cal Ros Talamanca Grupo","description":"","publisher":{"@id":"https:\/\/calrostalamanca.com\/#organization"},"potentialAction":[{"@type":"SearchAction","target":{"@type":"EntryPoint","urlTemplate":"https:\/\/calrostalamanca.com\/?s={search_term_string}"},"query-input":{"@type":"PropertyValueSpecification","valueRequired":true,"valueName":"search_term_string"}}],"inLanguage":"es"},{"@type":"Organization","@id":"https:\/\/calrostalamanca.com\/#organization","name":"Cal Ros Talamanca Grupo","url":"https:\/\/calrostalamanca.com\/","logo":{"@type":"ImageObject","inLanguage":"es","@id":"https:\/\/calrostalamanca.com\/#\/schema\/logo\/image\/","url":"https:\/\/calrostalamanca.com\/wp-content\/uploads\/2024\/06\/1.png","contentUrl":"https:\/\/calrostalamanca.com\/wp-content\/uploads\/2024\/06\/1.png","width":3600,"height":2025,"caption":"Cal Ros Talamanca Grup"},"image":{"@id":"https:\/\/calrostalamanca.com\/#\/schema\/logo\/image\/"}}]}},"uagb_featured_image_src":{"full":false,"thumbnail":false,"medium":false,"medium_large":false,"large":false,"1536x1536":false,"2048x2048":false,"trp-custom-language-flag":false},"uagb_author_info":{"display_name":"admin","author_link":"https:\/\/calrostalamanca.com\/es\/author\/soporte_cktwuwd3\/"},"uagb_comment_info":0,"uagb_excerpt":"Aviso legal Responsable del tratamiento de los datos En cumplimiento del deber de informaci\u00f3n que establece la Ley La 34\/2002, de 11 de julio, de Servicios de la Sociedad de la Informaci\u00f3n y del Comercio Electr\u00f3nico, le comunicamos que esta web es titularidad de: Web:\u00a0https:\/\/calrostalamanca.com\/ Nombre:\u00a0 Direcci\u00f3n: C\/Raval, 15, 08278 Talamanca, Barcelona Tel\u00e9fono: 683 63&hellip;","_links":{"self":[{"href":"https:\/\/calrostalamanca.com\/es\/wp-json\/wp\/v2\/pages\/2294","targetHints":{"allow":["GET"]}}],"collection":[{"href":"https:\/\/calrostalamanca.com\/es\/wp-json\/wp\/v2\/pages"}],"about":[{"href":"https:\/\/calrostalamanca.com\/es\/wp-json\/wp\/v2\/types\/page"}],"author":[{"embeddable":true,"href":"https:\/\/calrostalamanca.com\/es\/wp-json\/wp\/v2\/users\/1"}],"replies":[{"embeddable":true,"href":"https:\/\/calrostalamanca.com\/es\/wp-json\/wp\/v2\/comments?post=2294"}],"version-history":[{"count":7,"href":"https:\/\/calrostalamanca.com\/es\/wp-json\/wp\/v2\/pages\/2294\/revisions"}],"predecessor-version":[{"id":2963,"href":"https:\/\/calrostalamanca.com\/es\/wp-json\/wp\/v2\/pages\/2294\/revisions\/2963"}],"wp:attachment":[{"href":"https:\/\/calrostalamanca.com\/es\/wp-json\/wp\/v2\/media?parent=2294"}],"curies":[{"name":"wp","href":"https:\/\/api.w.org\/{rel}","templated":true}]}}