{"id":2106,"date":"2024-07-08T19:05:45","date_gmt":"2024-07-08T19:05:45","guid":{"rendered":"https:\/\/calrostalamanca.com\/?page_id=2106"},"modified":"2024-12-09T08:28:27","modified_gmt":"2024-12-09T07:28:27","slug":"antiguitats-antiga-talamanca","status":"publish","type":"page","link":"https:\/\/calrostalamanca.com\/es\/antiguitats-antiga-talamanca\/","title":{"rendered":"Antig\u00fcedades: Antigua Talamanca"},"content":{"rendered":"<div data-elementor-type=\"wp-page\" data-elementor-id=\"2106\" class=\"elementor elementor-2106\" data-elementor-post-type=\"page\">\n\t\t\t\t<div class=\"elementor-element elementor-element-c412fc9 e-flex e-con-boxed e-con e-parent\" data-id=\"c412fc9\" data-element_type=\"container\" data-settings=\"{&quot;background_background&quot;:&quot;classic&quot;}\">\n\t\t\t\t\t<div class=\"e-con-inner\">\n\t\t\t\t<div class=\"elementor-element elementor-element-37371b3 elementor-widget-tablet__width-initial elementor-widget elementor-widget-heading\" data-id=\"37371b3\" data-element_type=\"widget\" data-widget_type=\"heading.default\">\n\t\t\t\t<div class=\"elementor-widget-container\">\n\t\t\t\t\t<h1 class=\"elementor-heading-title elementor-size-default\">Antig\u00fcedades Antigua Talamanca<\/h1>\t\t\t\t<\/div>\n\t\t\t\t<\/div>\n\t\t\t\t\t<\/div>\n\t\t\t\t<\/div>\n\t\t<div class=\"elementor-element elementor-element-c15cf27 e-flex e-con-boxed e-con e-parent\" data-id=\"c15cf27\" data-element_type=\"container\">\n\t\t\t\t\t<div class=\"e-con-inner\">\n\t\t<div class=\"elementor-element elementor-element-882c192 e-con-full e-flex e-con e-child\" data-id=\"882c192\" data-element_type=\"container\">\n\t\t\t\t<div class=\"elementor-element elementor-element-a141092 elementor-widget elementor-widget-heading\" data-id=\"a141092\" data-element_type=\"widget\" data-widget_type=\"heading.default\">\n\t\t\t\t<div class=\"elementor-widget-container\">\n\t\t\t\t\t<h1 class=\"elementor-heading-title elementor-size-default\">Explora la historia en cada rinc\u00f3n<\/h1>\t\t\t\t<\/div>\n\t\t\t\t<\/div>\n\t\t\t\t<div class=\"elementor-element elementor-element-63ccc0c elementor-widget elementor-widget-text-editor\" data-id=\"63ccc0c\" data-element_type=\"widget\" data-widget_type=\"text-editor.default\">\n\t\t\t\t<div class=\"elementor-widget-container\">\n\t\t\t\t\t\t\t\t\t<p>En Antigua Talamanca, cada objeto tiene una historia que contar. Desde muebles vintage hasta objetos de decoraci\u00f3n singulares, nuestra colecci\u00f3n est\u00e1 cuidadosamente curada para garantizar que cada pieza tenga car\u00e1cter y autenticidad. Ya sea para enriquecer tu espacio personal o como regalo especial, encontrar\u00e1s una selecci\u00f3n \u00fanica que cautivar\u00e1 a tu imaginaci\u00f3n.<\/p>\t\t\t\t\t\t\t\t<\/div>\n\t\t\t\t<\/div>\n\t\t\t\t<\/div>\n\t\t<div class=\"elementor-element elementor-element-c7d0951 e-con-full e-flex e-con e-child\" data-id=\"c7d0951\" data-element_type=\"container\">\n\t\t\t\t<div class=\"elementor-element elementor-element-caecacf elementor-widget__width-initial elementor-widget-tablet__width-inherit elementor-widget elementor-widget-image\" data-id=\"caecacf\" data-element_type=\"widget\" data-widget_type=\"image.default\">\n\t\t\t\t<div class=\"elementor-widget-container\">\n\t\t\t\t\t\t\t\t\t\t\t\t\t\t\t<img decoding=\"async\" width=\"260\" height=\"173\" src=\"https:\/\/calrostalamanca.com\/wp-content\/uploads\/2024\/07\/c51189c9-072a-4b28-983d-99f2f8072a8f-facba21c-257w.webp\" class=\"attachment-full size-full wp-image-3399\" alt=\"\" \/>\t\t\t\t\t\t\t\t\t\t\t\t\t\t\t<\/div>\n\t\t\t\t<\/div>\n\t\t\t\t<\/div>\n\t\t\t\t\t<\/div>\n\t\t\t\t<\/div>\n\t\t<div class=\"elementor-element elementor-element-06c450d e-flex e-con-boxed e-con e-parent\" data-id=\"06c450d\" data-element_type=\"container\" data-settings=\"{&quot;background_background&quot;:&quot;classic&quot;}\">\n\t\t\t\t\t<div class=\"e-con-inner\">\n\t\t<div class=\"elementor-element elementor-element-d1521a5 e-con-full e-flex e-con e-child\" data-id=\"d1521a5\" data-element_type=\"container\">\n\t\t\t\t<div class=\"elementor-element elementor-element-e83604e elementor-widget__width-initial elementor-widget-tablet__width-inherit elementor-widget elementor-widget-image\" data-id=\"e83604e\" data-element_type=\"widget\" data-widget_type=\"image.default\">\n\t\t\t\t<div class=\"elementor-widget-container\">\n\t\t\t\t\t\t\t\t\t\t\t\t\t\t\t<img fetchpriority=\"high\" decoding=\"async\" width=\"1024\" height=\"576\" src=\"https:\/\/calrostalamanca.com\/wp-content\/uploads\/2024\/06\/antiguedades-1024x576.webp\" class=\"attachment-large size-large wp-image-34\" alt=\"\" srcset=\"https:\/\/calrostalamanca.com\/wp-content\/uploads\/2024\/06\/antiguedades-1024x576.webp 1024w, https:\/\/calrostalamanca.com\/wp-content\/uploads\/2024\/06\/antiguedades-300x169.webp 300w, https:\/\/calrostalamanca.com\/wp-content\/uploads\/2024\/06\/antiguedades-768x432.webp 768w, https:\/\/calrostalamanca.com\/wp-content\/uploads\/2024\/06\/antiguedades-1536x864.webp 1536w, https:\/\/calrostalamanca.com\/wp-content\/uploads\/2024\/06\/antiguedades.webp 1920w\" sizes=\"(max-width: 1024px) 100vw, 1024px\" \/>\t\t\t\t\t\t\t\t\t\t\t\t\t\t\t<\/div>\n\t\t\t\t<\/div>\n\t\t\t\t<\/div>\n\t\t<div class=\"elementor-element elementor-element-2ee2099 e-con-full e-flex e-con e-child\" data-id=\"2ee2099\" data-element_type=\"container\">\n\t\t\t\t<div class=\"elementor-element elementor-element-fb1eed8 elementor-widget elementor-widget-heading\" data-id=\"fb1eed8\" data-element_type=\"widget\" data-widget_type=\"heading.default\">\n\t\t\t\t<div class=\"elementor-widget-container\">\n\t\t\t\t\t<h1 class=\"elementor-heading-title elementor-size-default\">Tienda de antig\u00fcedades<\/h1>\t\t\t\t<\/div>\n\t\t\t\t<\/div>\n\t\t\t\t<div class=\"elementor-element elementor-element-2dc6057 elementor-widget elementor-widget-text-editor\" data-id=\"2dc6057\" data-element_type=\"widget\" data-widget_type=\"text-editor.default\">\n\t\t\t\t<div class=\"elementor-widget-container\">\n\t\t\t\t\t\t\t\t\t<p>Nuestra tienda ofrece una variedad impresionante de prendas, desde cl\u00e1sicos intemporales hasta descubrimientos inesperados. Con un enfoque en la calidad y el dise\u00f1o, cada visita a Antiga Talamanca es una oportunidad para encontrar esa prenda que complementa tu estilo y refleja tu personalidad.<\/p><p>Ven a visitarnos y d\u00e9jate inspirar por nuestra colecci\u00f3n. En Antiga Talamanca, te esperan tesoros que transformar\u00e1n tu espacio en un testimonio de tu pasi\u00f3n por las antig\u00fcedades y el arte del pasado.<\/p>\t\t\t\t\t\t\t\t<\/div>\n\t\t\t\t<\/div>\n\t\t\t\t<\/div>\n\t\t\t\t\t<\/div>\n\t\t\t\t<\/div>\n\t\t<div class=\"elementor-element elementor-element-eb5aaf7 e-flex e-con-boxed elementor-invisible e-con e-parent\" data-id=\"eb5aaf7\" data-element_type=\"container\" data-settings=\"{&quot;animation&quot;:&quot;fadeInUp&quot;,&quot;background_background&quot;:&quot;classic&quot;}\">\n\t\t\t\t\t<div class=\"e-con-inner\">\n\t\t<div class=\"elementor-element elementor-element-3b77261 e-con-full e-flex e-con e-child\" data-id=\"3b77261\" data-element_type=\"container\">\n\t\t\t\t<div class=\"elementor-element elementor-element-fa7f185 elementor-widget elementor-widget-heading\" data-id=\"fa7f185\" data-element_type=\"widget\" data-widget_type=\"heading.default\">\n\t\t\t\t<div class=\"elementor-widget-container\">\n\t\t\t\t\t<h3 class=\"elementor-heading-title elementor-size-default\">Nuestros productos<\/h3>\t\t\t\t<\/div>\n\t\t\t\t<\/div>\n\t\t\t\t<div class=\"elementor-element elementor-element-02ab1d8 elementor-widget elementor-widget-text-editor\" data-id=\"02ab1d8\" data-element_type=\"widget\" data-widget_type=\"text-editor.default\">\n\t\t\t\t<div class=\"elementor-widget-container\">\n\t\t\t\t\t\t\t\t\t<p>Explora nuestro extenso cat\u00e1logo que incluye una amplia variedad de muebles antiguos, objetos de decoraci\u00f3n aut\u00e9nticos y arte de distintas \u00e9pocas y estilos. Te garantizamos que encontrar\u00e1s algo que cautive tu imaginaci\u00f3n y cumpla con tus expectativas.<\/p>\t\t\t\t\t\t\t\t<\/div>\n\t\t\t\t<\/div>\n\t\t\t\t<div class=\"elementor-element elementor-element-f8ce8e0 elementor-align-center elementor-tablet-align-center elementor-widget elementor-widget-button\" data-id=\"f8ce8e0\" data-element_type=\"widget\" data-widget_type=\"button.default\">\n\t\t\t\t<div class=\"elementor-widget-container\">\n\t\t\t\t\t\t\t\t\t<div class=\"elementor-button-wrapper\">\n\t\t\t\t\t<a class=\"elementor-button elementor-button-link elementor-size-sm elementor-animation-grow\" href=\"https:\/\/www.antigatalamanca.com\/\">\n\t\t\t\t\t\t<span class=\"elementor-button-content-wrapper\">\n\t\t\t\t\t\t\t\t\t<span class=\"elementor-button-text\">productos <\/span>\n\t\t\t\t\t<\/span>\n\t\t\t\t\t<\/a>\n\t\t\t\t<\/div>\n\t\t\t\t\t\t\t\t<\/div>\n\t\t\t\t<\/div>\n\t\t\t\t<\/div>\n\t\t\t\t\t<\/div>\n\t\t\t\t<\/div>\n\t\t\t\t<\/div>","protected":false},"excerpt":{"rendered":"<p>Antiguitats Antiga Talamanca Explora la hist\u00f2ria a cada rac\u00f3 A Antiga Talamanca, cada objecte t\u00e9 una hist\u00f2ria per contar. Des de mobles vintage fins a objectes de decoraci\u00f3 singulars, la nostra col\u00b7lecci\u00f3 est\u00e0 curada amb cura per garantir que cada pe\u00e7a tingui car\u00e0cter i autenticitat. Ja sigui per enriquir el teu espai personal o com [&hellip;]<\/p>","protected":false},"author":1,"featured_media":0,"parent":0,"menu_order":0,"comment_status":"closed","ping_status":"closed","template":"","meta":{"_uag_custom_page_level_css":"","site-sidebar-layout":"no-sidebar","site-content-layout":"page-builder","ast-site-content-layout":"full-width-container","site-content-style":"default","site-sidebar-style":"default","ast-global-header-display":"","ast-banner-title-visibility":"","ast-main-header-display":"","ast-hfb-above-header-display":"","ast-hfb-below-header-display":"","ast-hfb-mobile-header-display":"","site-post-title":"disabled","ast-breadcrumbs-content":"","ast-featured-img":"disabled","footer-sml-layout":"","theme-transparent-header-meta":"","adv-header-id-meta":"","stick-header-meta":"","header-above-stick-meta":"","header-main-stick-meta":"","header-below-stick-meta":"","astra-migrate-meta-layouts":"set","ast-page-background-enabled":"default","ast-page-background-meta":{"desktop":{"background-color":"","background-image":"","background-repeat":"repeat","background-position":"center center","background-size":"auto","background-attachment":"scroll","background-type":"","background-media":"","overlay-type":"","overlay-color":"","overlay-opacity":"","overlay-gradient":""},"tablet":{"background-color":"","background-image":"","background-repeat":"repeat","background-position":"center center","background-size":"auto","background-attachment":"scroll","background-type":"","background-media":"","overlay-type":"","overlay-color":"","overlay-opacity":"","overlay-gradient":""},"mobile":{"background-color":"","background-image":"","background-repeat":"repeat","background-position":"center center","background-size":"auto","background-attachment":"scroll","background-type":"","background-media":"","overlay-type":"","overlay-color":"","overlay-opacity":"","overlay-gradient":""}},"ast-content-background-meta":{"desktop":{"background-color":"var(--ast-global-color-5)","background-image":"","background-repeat":"repeat","background-position":"center center","background-size":"auto","background-attachment":"scroll","background-type":"","background-media":"","overlay-type":"","overlay-color":"","overlay-opacity":"","overlay-gradient":""},"tablet":{"background-color":"var(--ast-global-color-5)","background-image":"","background-repeat":"repeat","background-position":"center center","background-size":"auto","background-attachment":"scroll","background-type":"","background-media":"","overlay-type":"","overlay-color":"","overlay-opacity":"","overlay-gradient":""},"mobile":{"background-color":"var(--ast-global-color-5)","background-image":"","background-repeat":"repeat","background-position":"center center","background-size":"auto","background-attachment":"scroll","background-type":"","background-media":"","overlay-type":"","overlay-color":"","overlay-opacity":"","overlay-gradient":""}},"footnotes":""},"class_list":["post-2106","page","type-page","status-publish","hentry"],"yoast_head":"<!-- This site is optimized with the Yoast SEO plugin v26.3 - https:\/\/yoast.com\/wordpress\/plugins\/seo\/ -->\n<title>Antiguitats: Antiga Talamanca - Cal Ros Talamanca Grup<\/title>\n<meta name=\"robots\" content=\"index, follow, max-snippet:-1, max-image-preview:large, max-video-preview:-1\" \/>\n<link rel=\"canonical\" href=\"https:\/\/calrostalamanca.com\/es\/antiguitats-antiga-talamanca\/\" \/>\n<meta property=\"og:locale\" content=\"es_ES\" \/>\n<meta property=\"og:type\" content=\"article\" \/>\n<meta property=\"og:title\" content=\"Antiguitats: Antiga Talamanca - Cal Ros Talamanca Grup\" \/>\n<meta property=\"og:description\" content=\"Antiguitats Antiga Talamanca Explora la hist\u00f2ria a cada rac\u00f3 A Antiga Talamanca, cada objecte t\u00e9 una hist\u00f2ria per contar. Des de mobles vintage fins a objectes de decoraci\u00f3 singulars, la nostra col\u00b7lecci\u00f3 est\u00e0 curada amb cura per garantir que cada pe\u00e7a tingui car\u00e0cter i autenticitat. Ja sigui per enriquir el teu espai personal o com [&hellip;]\" \/>\n<meta property=\"og:url\" content=\"https:\/\/calrostalamanca.com\/es\/antiguitats-antiga-talamanca\/\" \/>\n<meta property=\"og:site_name\" content=\"Cal Ros Talamanca Grup\" \/>\n<meta property=\"article:modified_time\" content=\"2024-12-09T07:28:27+00:00\" \/>\n<meta property=\"og:image\" content=\"https:\/\/calrostalamanca.com\/wp-content\/uploads\/2024\/07\/c51189c9-072a-4b28-983d-99f2f8072a8f-facba21c-257w.webp\" \/>\n<meta name=\"twitter:card\" content=\"summary_large_image\" \/>\n<meta name=\"twitter:label1\" content=\"Tiempo de lectura\" \/>\n\t<meta name=\"twitter:data1\" content=\"34 minutos\" \/>\n<script type=\"application\/ld+json\" class=\"yoast-schema-graph\">{\"@context\":\"https:\/\/schema.org\",\"@graph\":[{\"@type\":\"WebPage\",\"@id\":\"https:\/\/calrostalamanca.com\/antiguitats-antiga-talamanca\/\",\"url\":\"https:\/\/calrostalamanca.com\/antiguitats-antiga-talamanca\/\",\"name\":\"Antiguitats: Antiga Talamanca - Cal Ros Talamanca Grup\",\"isPartOf\":{\"@id\":\"https:\/\/calrostalamanca.com\/#website\"},\"primaryImageOfPage\":{\"@id\":\"https:\/\/calrostalamanca.com\/antiguitats-antiga-talamanca\/#primaryimage\"},\"image\":{\"@id\":\"https:\/\/calrostalamanca.com\/antiguitats-antiga-talamanca\/#primaryimage\"},\"thumbnailUrl\":\"https:\/\/calrostalamanca.com\/wp-content\/uploads\/2024\/07\/c51189c9-072a-4b28-983d-99f2f8072a8f-facba21c-257w.webp\",\"datePublished\":\"2024-07-08T19:05:45+00:00\",\"dateModified\":\"2024-12-09T07:28:27+00:00\",\"breadcrumb\":{\"@id\":\"https:\/\/calrostalamanca.com\/antiguitats-antiga-talamanca\/#breadcrumb\"},\"inLanguage\":\"es\",\"potentialAction\":[{\"@type\":\"ReadAction\",\"target\":[\"https:\/\/calrostalamanca.com\/antiguitats-antiga-talamanca\/\"]}]},{\"@type\":\"ImageObject\",\"inLanguage\":\"es\",\"@id\":\"https:\/\/calrostalamanca.com\/antiguitats-antiga-talamanca\/#primaryimage\",\"url\":\"https:\/\/calrostalamanca.com\/wp-content\/uploads\/2024\/07\/c51189c9-072a-4b28-983d-99f2f8072a8f-facba21c-257w.webp\",\"contentUrl\":\"https:\/\/calrostalamanca.com\/wp-content\/uploads\/2024\/07\/c51189c9-072a-4b28-983d-99f2f8072a8f-facba21c-257w.webp\"},{\"@type\":\"BreadcrumbList\",\"@id\":\"https:\/\/calrostalamanca.com\/antiguitats-antiga-talamanca\/#breadcrumb\",\"itemListElement\":[{\"@type\":\"ListItem\",\"position\":1,\"name\":\"Portada\",\"item\":\"https:\/\/calrostalamanca.com\/\"},{\"@type\":\"ListItem\",\"position\":2,\"name\":\"Antiguitats: Antiga Talamanca\"}]},{\"@type\":\"WebSite\",\"@id\":\"https:\/\/calrostalamanca.com\/#website\",\"url\":\"https:\/\/calrostalamanca.com\/\",\"name\":\"Cal Ros Talamanca Grup\",\"description\":\"\",\"publisher\":{\"@id\":\"https:\/\/calrostalamanca.com\/#organization\"},\"potentialAction\":[{\"@type\":\"SearchAction\",\"target\":{\"@type\":\"EntryPoint\",\"urlTemplate\":\"https:\/\/calrostalamanca.com\/?s={search_term_string}\"},\"query-input\":{\"@type\":\"PropertyValueSpecification\",\"valueRequired\":true,\"valueName\":\"search_term_string\"}}],\"inLanguage\":\"es\"},{\"@type\":\"Organization\",\"@id\":\"https:\/\/calrostalamanca.com\/#organization\",\"name\":\"Cal Ros Talamanca Grup\",\"url\":\"https:\/\/calrostalamanca.com\/\",\"logo\":{\"@type\":\"ImageObject\",\"inLanguage\":\"es\",\"@id\":\"https:\/\/calrostalamanca.com\/#\/schema\/logo\/image\/\",\"url\":\"https:\/\/calrostalamanca.com\/wp-content\/uploads\/2024\/06\/1.png\",\"contentUrl\":\"https:\/\/calrostalamanca.com\/wp-content\/uploads\/2024\/06\/1.png\",\"width\":3600,\"height\":2025,\"caption\":\"Cal Ros Talamanca Grup\"},\"image\":{\"@id\":\"https:\/\/calrostalamanca.com\/#\/schema\/logo\/image\/\"}}]}<\/script>\n<!-- \/ Yoast SEO plugin. -->","yoast_head_json":{"title":"Antiguitats: Antiga Talamanca - Cal Ros Talamanca Grup","robots":{"index":"index","follow":"follow","max-snippet":"max-snippet:-1","max-image-preview":"max-image-preview:large","max-video-preview":"max-video-preview:-1"},"canonical":"https:\/\/calrostalamanca.com\/es\/antiguitats-antiga-talamanca\/","og_locale":"es_ES","og_type":"article","og_title":"Antiguitats: Antiga Talamanca - Cal Ros Talamanca Grup","og_description":"Antiguitats Antiga Talamanca Explora la hist\u00f2ria a cada rac\u00f3 A Antiga Talamanca, cada objecte t\u00e9 una hist\u00f2ria per contar. Des de mobles vintage fins a objectes de decoraci\u00f3 singulars, la nostra col\u00b7lecci\u00f3 est\u00e0 curada amb cura per garantir que cada pe\u00e7a tingui car\u00e0cter i autenticitat. Ja sigui per enriquir el teu espai personal o com [&hellip;]","og_url":"https:\/\/calrostalamanca.com\/es\/antiguitats-antiga-talamanca\/","og_site_name":"Cal Ros Talamanca Grup","article_modified_time":"2024-12-09T07:28:27+00:00","og_image":[{"url":"https:\/\/calrostalamanca.com\/wp-content\/uploads\/2024\/07\/c51189c9-072a-4b28-983d-99f2f8072a8f-facba21c-257w.webp","type":"","width":"","height":""}],"twitter_card":"summary_large_image","twitter_misc":{"Tiempo de lectura":"34 minutos"},"schema":{"@context":"https:\/\/schema.org","@graph":[{"@type":"WebPage","@id":"https:\/\/calrostalamanca.com\/antiguitats-antiga-talamanca\/","url":"https:\/\/calrostalamanca.com\/antiguitats-antiga-talamanca\/","name":"Antiguitats: Antiga Talamanca - Cal Ros Talamanca Grup","isPartOf":{"@id":"https:\/\/calrostalamanca.com\/#website"},"primaryImageOfPage":{"@id":"https:\/\/calrostalamanca.com\/antiguitats-antiga-talamanca\/#primaryimage"},"image":{"@id":"https:\/\/calrostalamanca.com\/antiguitats-antiga-talamanca\/#primaryimage"},"thumbnailUrl":"https:\/\/calrostalamanca.com\/wp-content\/uploads\/2024\/07\/c51189c9-072a-4b28-983d-99f2f8072a8f-facba21c-257w.webp","datePublished":"2024-07-08T19:05:45+00:00","dateModified":"2024-12-09T07:28:27+00:00","breadcrumb":{"@id":"https:\/\/calrostalamanca.com\/antiguitats-antiga-talamanca\/#breadcrumb"},"inLanguage":"es","potentialAction":[{"@type":"ReadAction","target":["https:\/\/calrostalamanca.com\/antiguitats-antiga-talamanca\/"]}]},{"@type":"ImageObject","inLanguage":"es","@id":"https:\/\/calrostalamanca.com\/antiguitats-antiga-talamanca\/#primaryimage","url":"https:\/\/calrostalamanca.com\/wp-content\/uploads\/2024\/07\/c51189c9-072a-4b28-983d-99f2f8072a8f-facba21c-257w.webp","contentUrl":"https:\/\/calrostalamanca.com\/wp-content\/uploads\/2024\/07\/c51189c9-072a-4b28-983d-99f2f8072a8f-facba21c-257w.webp"},{"@type":"BreadcrumbList","@id":"https:\/\/calrostalamanca.com\/antiguitats-antiga-talamanca\/#breadcrumb","itemListElement":[{"@type":"ListItem","position":1,"name":"Portada","item":"https:\/\/calrostalamanca.com\/"},{"@type":"ListItem","position":2,"name":"Antiguitats: Antiga Talamanca"}]},{"@type":"WebSite","@id":"https:\/\/calrostalamanca.com\/#website","url":"https:\/\/calrostalamanca.com\/","name":"Cal Ros Talamanca Grupo","description":"","publisher":{"@id":"https:\/\/calrostalamanca.com\/#organization"},"potentialAction":[{"@type":"SearchAction","target":{"@type":"EntryPoint","urlTemplate":"https:\/\/calrostalamanca.com\/?s={search_term_string}"},"query-input":{"@type":"PropertyValueSpecification","valueRequired":true,"valueName":"search_term_string"}}],"inLanguage":"es"},{"@type":"Organization","@id":"https:\/\/calrostalamanca.com\/#organization","name":"Cal Ros Talamanca Grupo","url":"https:\/\/calrostalamanca.com\/","logo":{"@type":"ImageObject","inLanguage":"es","@id":"https:\/\/calrostalamanca.com\/#\/schema\/logo\/image\/","url":"https:\/\/calrostalamanca.com\/wp-content\/uploads\/2024\/06\/1.png","contentUrl":"https:\/\/calrostalamanca.com\/wp-content\/uploads\/2024\/06\/1.png","width":3600,"height":2025,"caption":"Cal Ros Talamanca Grup"},"image":{"@id":"https:\/\/calrostalamanca.com\/#\/schema\/logo\/image\/"}}]}},"uagb_featured_image_src":{"full":false,"thumbnail":false,"medium":false,"medium_large":false,"large":false,"1536x1536":false,"2048x2048":false,"trp-custom-language-flag":false},"uagb_author_info":{"display_name":"admin","author_link":"https:\/\/calrostalamanca.com\/es\/author\/soporte_cktwuwd3\/"},"uagb_comment_info":0,"uagb_excerpt":"Antiguitats Antiga Talamanca Explora la hist\u00f2ria a cada rac\u00f3 A Antiga Talamanca, cada objecte t\u00e9 una hist\u00f2ria per contar. Des de mobles vintage fins a objectes de decoraci\u00f3 singulars, la nostra col\u00b7lecci\u00f3 est\u00e0 curada amb cura per garantir que cada pe\u00e7a tingui car\u00e0cter i autenticitat. Ja sigui per enriquir el teu espai personal o com&hellip;","_links":{"self":[{"href":"https:\/\/calrostalamanca.com\/es\/wp-json\/wp\/v2\/pages\/2106","targetHints":{"allow":["GET"]}}],"collection":[{"href":"https:\/\/calrostalamanca.com\/es\/wp-json\/wp\/v2\/pages"}],"about":[{"href":"https:\/\/calrostalamanca.com\/es\/wp-json\/wp\/v2\/types\/page"}],"author":[{"embeddable":true,"href":"https:\/\/calrostalamanca.com\/es\/wp-json\/wp\/v2\/users\/1"}],"replies":[{"embeddable":true,"href":"https:\/\/calrostalamanca.com\/es\/wp-json\/wp\/v2\/comments?post=2106"}],"version-history":[{"count":101,"href":"https:\/\/calrostalamanca.com\/es\/wp-json\/wp\/v2\/pages\/2106\/revisions"}],"predecessor-version":[{"id":3837,"href":"https:\/\/calrostalamanca.com\/es\/wp-json\/wp\/v2\/pages\/2106\/revisions\/3837"}],"wp:attachment":[{"href":"https:\/\/calrostalamanca.com\/es\/wp-json\/wp\/v2\/media?parent=2106"}],"curies":[{"name":"wp","href":"https:\/\/api.w.org\/{rel}","templated":true}]}}