{"id":2040,"date":"2024-07-05T19:49:36","date_gmt":"2024-07-05T19:49:36","guid":{"rendered":"https:\/\/calrostalamanca.com\/?page_id=2040"},"modified":"2024-10-22T11:26:10","modified_gmt":"2024-10-22T09:26:10","slug":"empreses","status":"publish","type":"page","link":"https:\/\/calrostalamanca.com\/es\/empreses\/","title":{"rendered":"Empresas"},"content":{"rendered":"<div data-elementor-type=\"wp-page\" data-elementor-id=\"2040\" class=\"elementor elementor-2040\" data-elementor-post-type=\"page\">\n\t\t\t\t<div class=\"elementor-element elementor-element-d3225dc e-flex e-con-boxed e-con e-parent\" data-id=\"d3225dc\" data-element_type=\"container\" data-settings=\"{&quot;background_background&quot;:&quot;classic&quot;}\">\n\t\t\t\t\t<div class=\"e-con-inner\">\n\t\t\t\t<div class=\"elementor-element elementor-element-4a2a944 elementor-widget-tablet__width-initial elementor-widget elementor-widget-heading\" data-id=\"4a2a944\" data-element_type=\"widget\" data-widget_type=\"heading.default\">\n\t\t\t\t<div class=\"elementor-widget-container\">\n\t\t\t\t\t<h1 class=\"elementor-heading-title elementor-size-default\">Empresas<\/h1>\t\t\t\t<\/div>\n\t\t\t\t<\/div>\n\t\t\t\t\t<\/div>\n\t\t\t\t<\/div>\n\t\t<div class=\"elementor-element elementor-element-94359f2 e-flex e-con-boxed elementor-invisible e-con e-parent\" data-id=\"94359f2\" data-element_type=\"container\" data-settings=\"{&quot;animation&quot;:&quot;fadeInUp&quot;,&quot;background_background&quot;:&quot;classic&quot;}\">\n\t\t\t\t\t<div class=\"e-con-inner\">\n\t\t<div class=\"elementor-element elementor-element-a253633 e-con-full e-flex e-con e-child\" data-id=\"a253633\" data-element_type=\"container\">\n\t\t\t\t<div class=\"elementor-element elementor-element-129eb24 elementor-widget elementor-widget-heading\" data-id=\"129eb24\" data-element_type=\"widget\" data-widget_type=\"heading.default\">\n\t\t\t\t<div class=\"elementor-widget-container\">\n\t\t\t\t\t<h2 class=\"elementor-heading-title elementor-size-default\">Excelencia y atenci\u00f3n personalizada en cada servicio<\/h2>\t\t\t\t<\/div>\n\t\t\t\t<\/div>\n\t\t\t\t<div class=\"elementor-element elementor-element-cdb80ff elementor-widget__width-initial elementor-widget elementor-widget-text-editor\" data-id=\"cdb80ff\" data-element_type=\"widget\" data-widget_type=\"text-editor.default\">\n\t\t\t\t<div class=\"elementor-widget-container\">\n\t\t\t\t\t\t\t\t\t<p>En Cal Ros Talamanca, gestionamos un grupo diverso de empresas dedicadas a ofrecer experiencias y servicios excepcionales. Cada una de nuestras empresas comparte nuestro compromiso con la calidad, atenci\u00f3n personalizada y satisfacci\u00f3n del cliente. Descubre las diferentes empresas que conforman nuestro grupo y c\u00f3mo podemos satisfacer tus necesidades<\/p>\t\t\t\t\t\t\t\t<\/div>\n\t\t\t\t<\/div>\n\t\t\t\t<\/div>\n\t\t\t\t\t<\/div>\n\t\t\t\t<\/div>\n\t\t<div class=\"elementor-element elementor-element-ddec91f e-flex e-con-boxed e-con e-parent\" data-id=\"ddec91f\" data-element_type=\"container\">\n\t\t\t\t\t<div class=\"e-con-inner\">\n\t\t<div class=\"elementor-element elementor-element-cafea87 e-con-full e-flex elementor-invisible e-con e-child\" data-id=\"cafea87\" data-element_type=\"container\" data-settings=\"{&quot;animation&quot;:&quot;fadeInLeft&quot;}\">\n\t\t\t\t<div class=\"elementor-element elementor-element-877434b elementor-position-top elementor-widget elementor-widget-image-box\" data-id=\"877434b\" data-element_type=\"widget\" data-widget_type=\"image-box.default\">\n\t\t\t\t<div class=\"elementor-widget-container\">\n\t\t\t\t\t<div class=\"elementor-image-box-wrapper\"><figure class=\"elementor-image-box-img\"><a href=\"https:\/\/calrostalamanca.com\/es\/restaurant-cal-ros-talamanca\/\" tabindex=\"-1\"><img fetchpriority=\"high\" decoding=\"async\" width=\"1920\" height=\"1080\" src=\"https:\/\/calrostalamanca.com\/wp-content\/uploads\/2024\/07\/1920-x-1280-web-diseno-grafico-1920-x-1080-px.png\" class=\"elementor-animation-float attachment-full size-full wp-image-2084\" alt=\"\" srcset=\"https:\/\/calrostalamanca.com\/wp-content\/uploads\/2024\/07\/1920-x-1280-web-diseno-grafico-1920-x-1080-px.png 1920w, https:\/\/calrostalamanca.com\/wp-content\/uploads\/2024\/07\/1920-x-1280-web-diseno-grafico-1920-x-1080-px-300x169.png 300w, https:\/\/calrostalamanca.com\/wp-content\/uploads\/2024\/07\/1920-x-1280-web-diseno-grafico-1920-x-1080-px-1024x576.png 1024w, https:\/\/calrostalamanca.com\/wp-content\/uploads\/2024\/07\/1920-x-1280-web-diseno-grafico-1920-x-1080-px-768x432.png 768w, https:\/\/calrostalamanca.com\/wp-content\/uploads\/2024\/07\/1920-x-1280-web-diseno-grafico-1920-x-1080-px-1536x864.png 1536w\" sizes=\"(max-width: 1920px) 100vw, 1920px\" \/><\/a><\/figure><div class=\"elementor-image-box-content\"><h3 class=\"elementor-image-box-title\"><a href=\"https:\/\/calrostalamanca.com\/es\/restaurant-cal-ros-talamanca\/\">Restaurante Cal Ros Talamanca<\/a><\/h3><\/div><\/div>\t\t\t\t<\/div>\n\t\t\t\t<\/div>\n\t\t\t\t<div class=\"elementor-element elementor-element-f03788a elementor-position-top elementor-widget elementor-widget-image-box\" data-id=\"f03788a\" data-element_type=\"widget\" data-widget_type=\"image-box.default\">\n\t\t\t\t<div class=\"elementor-widget-container\">\n\t\t\t\t\t<div class=\"elementor-image-box-wrapper\"><figure class=\"elementor-image-box-img\"><a href=\"https:\/\/calrostalamanca.com\/es\/antiguitats-antiga-talamanca\/\" tabindex=\"-1\"><img decoding=\"async\" width=\"1920\" height=\"1080\" src=\"https:\/\/calrostalamanca.com\/wp-content\/uploads\/2024\/06\/antiguedades.webp\" class=\"elementor-animation-float attachment-full size-full wp-image-34\" alt=\"\" srcset=\"https:\/\/calrostalamanca.com\/wp-content\/uploads\/2024\/06\/antiguedades.webp 1920w, https:\/\/calrostalamanca.com\/wp-content\/uploads\/2024\/06\/antiguedades-300x169.webp 300w, https:\/\/calrostalamanca.com\/wp-content\/uploads\/2024\/06\/antiguedades-1024x576.webp 1024w, https:\/\/calrostalamanca.com\/wp-content\/uploads\/2024\/06\/antiguedades-768x432.webp 768w, https:\/\/calrostalamanca.com\/wp-content\/uploads\/2024\/06\/antiguedades-1536x864.webp 1536w\" sizes=\"(max-width: 1920px) 100vw, 1920px\" \/><\/a><\/figure><div class=\"elementor-image-box-content\"><h3 class=\"elementor-image-box-title\"><a href=\"https:\/\/calrostalamanca.com\/es\/antiguitats-antiga-talamanca\/\">Antig\u00fcedades Antigua Talamanca<\/a><\/h3><\/div><\/div>\t\t\t\t<\/div>\n\t\t\t\t<\/div>\n\t\t\t\t<\/div>\n\t\t<div class=\"elementor-element elementor-element-018ef1a e-con-full e-flex elementor-invisible e-con e-child\" data-id=\"018ef1a\" data-element_type=\"container\" data-settings=\"{&quot;animation&quot;:&quot;fadeInRight&quot;}\">\n\t\t\t\t<div class=\"elementor-element elementor-element-cc9d81a elementor-position-top elementor-widget elementor-widget-image-box\" data-id=\"cc9d81a\" data-element_type=\"widget\" data-widget_type=\"image-box.default\">\n\t\t\t\t<div class=\"elementor-widget-container\">\n\t\t\t\t\t<div class=\"elementor-image-box-wrapper\"><figure class=\"elementor-image-box-img\"><a href=\"https:\/\/calrostalamanca.com\/es\/immobiliaria-talamanca\/\" tabindex=\"-1\"><img decoding=\"async\" width=\"1920\" height=\"1080\" src=\"https:\/\/calrostalamanca.com\/wp-content\/uploads\/2024\/06\/19.webp\" class=\"elementor-animation-float attachment-full size-full wp-image-30\" alt=\"\" srcset=\"https:\/\/calrostalamanca.com\/wp-content\/uploads\/2024\/06\/19.webp 1920w, https:\/\/calrostalamanca.com\/wp-content\/uploads\/2024\/06\/19-300x169.webp 300w, https:\/\/calrostalamanca.com\/wp-content\/uploads\/2024\/06\/19-1024x576.webp 1024w, https:\/\/calrostalamanca.com\/wp-content\/uploads\/2024\/06\/19-768x432.webp 768w, https:\/\/calrostalamanca.com\/wp-content\/uploads\/2024\/06\/19-1536x864.webp 1536w\" sizes=\"(max-width: 1920px) 100vw, 1920px\" \/><\/a><\/figure><div class=\"elementor-image-box-content\"><h3 class=\"elementor-image-box-title\"><a href=\"https:\/\/calrostalamanca.com\/es\/immobiliaria-talamanca\/\">Inmobiliaria Talamanca<\/a><\/h3><\/div><\/div>\t\t\t\t<\/div>\n\t\t\t\t<\/div>\n\t\t\t\t<\/div>\n\t\t\t\t\t<\/div>\n\t\t\t\t<\/div>\n\t\t\t\t<\/div>","protected":false},"excerpt":{"rendered":"<p>Empreses Excel\u00b7l\u00e8ncia i atenci\u00f3 personalitzada a cada servei A Cal Ros Talamanca, gestionem un grup divers d&#8217;empreses dedicades a oferir experi\u00e8ncies i serveis excepcionals. Cada una de les nostres empreses comparteix el nostre comprom\u00eds amb la qualitat, l&#8217;atenci\u00f3 personalitzada i la satisfacci\u00f3 del client. Descobreix les diferents empreses que conformen el nostre grup i com [&hellip;]<\/p>","protected":false},"author":1,"featured_media":0,"parent":0,"menu_order":0,"comment_status":"closed","ping_status":"closed","template":"","meta":{"_uag_custom_page_level_css":"","site-sidebar-layout":"no-sidebar","site-content-layout":"page-builder","ast-site-content-layout":"full-width-container","site-content-style":"default","site-sidebar-style":"default","ast-global-header-display":"","ast-banner-title-visibility":"","ast-main-header-display":"","ast-hfb-above-header-display":"","ast-hfb-below-header-display":"","ast-hfb-mobile-header-display":"","site-post-title":"disabled","ast-breadcrumbs-content":"","ast-featured-img":"disabled","footer-sml-layout":"","theme-transparent-header-meta":"","adv-header-id-meta":"","stick-header-meta":"","header-above-stick-meta":"","header-main-stick-meta":"","header-below-stick-meta":"","astra-migrate-meta-layouts":"set","ast-page-background-enabled":"default","ast-page-background-meta":{"desktop":{"background-color":"","background-image":"","background-repeat":"repeat","background-position":"center center","background-size":"auto","background-attachment":"scroll","background-type":"","background-media":"","overlay-type":"","overlay-color":"","overlay-opacity":"","overlay-gradient":""},"tablet":{"background-color":"","background-image":"","background-repeat":"repeat","background-position":"center center","background-size":"auto","background-attachment":"scroll","background-type":"","background-media":"","overlay-type":"","overlay-color":"","overlay-opacity":"","overlay-gradient":""},"mobile":{"background-color":"","background-image":"","background-repeat":"repeat","background-position":"center center","background-size":"auto","background-attachment":"scroll","background-type":"","background-media":"","overlay-type":"","overlay-color":"","overlay-opacity":"","overlay-gradient":""}},"ast-content-background-meta":{"desktop":{"background-color":"var(--ast-global-color-5)","background-image":"","background-repeat":"repeat","background-position":"center center","background-size":"auto","background-attachment":"scroll","background-type":"","background-media":"","overlay-type":"","overlay-color":"","overlay-opacity":"","overlay-gradient":""},"tablet":{"background-color":"var(--ast-global-color-5)","background-image":"","background-repeat":"repeat","background-position":"center center","background-size":"auto","background-attachment":"scroll","background-type":"","background-media":"","overlay-type":"","overlay-color":"","overlay-opacity":"","overlay-gradient":""},"mobile":{"background-color":"var(--ast-global-color-5)","background-image":"","background-repeat":"repeat","background-position":"center center","background-size":"auto","background-attachment":"scroll","background-type":"","background-media":"","overlay-type":"","overlay-color":"","overlay-opacity":"","overlay-gradient":""}},"footnotes":""},"class_list":["post-2040","page","type-page","status-publish","hentry"],"yoast_head":"<!-- This site is optimized with the Yoast SEO plugin v26.3 - https:\/\/yoast.com\/wordpress\/plugins\/seo\/ -->\n<title>Empreses - Cal Ros Talamanca Grup<\/title>\n<meta name=\"robots\" content=\"index, follow, max-snippet:-1, max-image-preview:large, max-video-preview:-1\" \/>\n<link rel=\"canonical\" href=\"https:\/\/calrostalamanca.com\/es\/empreses\/\" \/>\n<meta property=\"og:locale\" content=\"es_ES\" \/>\n<meta property=\"og:type\" content=\"article\" \/>\n<meta property=\"og:title\" content=\"Empreses - Cal Ros Talamanca Grup\" \/>\n<meta property=\"og:description\" content=\"Empreses Excel\u00b7l\u00e8ncia i atenci\u00f3 personalitzada a cada servei A Cal Ros Talamanca, gestionem un grup divers d&#8217;empreses dedicades a oferir experi\u00e8ncies i serveis excepcionals. Cada una de les nostres empreses comparteix el nostre comprom\u00eds amb la qualitat, l&#8217;atenci\u00f3 personalitzada i la satisfacci\u00f3 del client. Descobreix les diferents empreses que conformen el nostre grup i com [&hellip;]\" \/>\n<meta property=\"og:url\" content=\"https:\/\/calrostalamanca.com\/es\/empreses\/\" \/>\n<meta property=\"og:site_name\" content=\"Cal Ros Talamanca Grup\" \/>\n<meta property=\"article:modified_time\" content=\"2024-10-22T09:26:10+00:00\" \/>\n<meta property=\"og:image\" content=\"https:\/\/calrostalamanca.com\/wp-content\/uploads\/2024\/07\/1920-x-1280-web-diseno-grafico-1920-x-1080-px.png\" \/>\n<meta name=\"twitter:card\" content=\"summary_large_image\" \/>\n<meta name=\"twitter:label1\" content=\"Tiempo de lectura\" \/>\n\t<meta name=\"twitter:data1\" content=\"1 minuto\" \/>\n<script type=\"application\/ld+json\" class=\"yoast-schema-graph\">{\"@context\":\"https:\/\/schema.org\",\"@graph\":[{\"@type\":\"WebPage\",\"@id\":\"https:\/\/calrostalamanca.com\/empreses\/\",\"url\":\"https:\/\/calrostalamanca.com\/empreses\/\",\"name\":\"Empreses - Cal Ros Talamanca Grup\",\"isPartOf\":{\"@id\":\"https:\/\/calrostalamanca.com\/#website\"},\"primaryImageOfPage\":{\"@id\":\"https:\/\/calrostalamanca.com\/empreses\/#primaryimage\"},\"image\":{\"@id\":\"https:\/\/calrostalamanca.com\/empreses\/#primaryimage\"},\"thumbnailUrl\":\"https:\/\/calrostalamanca.com\/wp-content\/uploads\/2024\/07\/1920-x-1280-web-diseno-grafico-1920-x-1080-px.png\",\"datePublished\":\"2024-07-05T19:49:36+00:00\",\"dateModified\":\"2024-10-22T09:26:10+00:00\",\"breadcrumb\":{\"@id\":\"https:\/\/calrostalamanca.com\/empreses\/#breadcrumb\"},\"inLanguage\":\"es\",\"potentialAction\":[{\"@type\":\"ReadAction\",\"target\":[\"https:\/\/calrostalamanca.com\/empreses\/\"]}]},{\"@type\":\"ImageObject\",\"inLanguage\":\"es\",\"@id\":\"https:\/\/calrostalamanca.com\/empreses\/#primaryimage\",\"url\":\"https:\/\/calrostalamanca.com\/wp-content\/uploads\/2024\/07\/1920-x-1280-web-diseno-grafico-1920-x-1080-px.png\",\"contentUrl\":\"https:\/\/calrostalamanca.com\/wp-content\/uploads\/2024\/07\/1920-x-1280-web-diseno-grafico-1920-x-1080-px.png\"},{\"@type\":\"BreadcrumbList\",\"@id\":\"https:\/\/calrostalamanca.com\/empreses\/#breadcrumb\",\"itemListElement\":[{\"@type\":\"ListItem\",\"position\":1,\"name\":\"Portada\",\"item\":\"https:\/\/calrostalamanca.com\/\"},{\"@type\":\"ListItem\",\"position\":2,\"name\":\"Empreses\"}]},{\"@type\":\"WebSite\",\"@id\":\"https:\/\/calrostalamanca.com\/#website\",\"url\":\"https:\/\/calrostalamanca.com\/\",\"name\":\"Cal Ros Talamanca Grup\",\"description\":\"\",\"publisher\":{\"@id\":\"https:\/\/calrostalamanca.com\/#organization\"},\"potentialAction\":[{\"@type\":\"SearchAction\",\"target\":{\"@type\":\"EntryPoint\",\"urlTemplate\":\"https:\/\/calrostalamanca.com\/?s={search_term_string}\"},\"query-input\":{\"@type\":\"PropertyValueSpecification\",\"valueRequired\":true,\"valueName\":\"search_term_string\"}}],\"inLanguage\":\"es\"},{\"@type\":\"Organization\",\"@id\":\"https:\/\/calrostalamanca.com\/#organization\",\"name\":\"Cal Ros Talamanca Grup\",\"url\":\"https:\/\/calrostalamanca.com\/\",\"logo\":{\"@type\":\"ImageObject\",\"inLanguage\":\"es\",\"@id\":\"https:\/\/calrostalamanca.com\/#\/schema\/logo\/image\/\",\"url\":\"https:\/\/calrostalamanca.com\/wp-content\/uploads\/2024\/06\/1.png\",\"contentUrl\":\"https:\/\/calrostalamanca.com\/wp-content\/uploads\/2024\/06\/1.png\",\"width\":3600,\"height\":2025,\"caption\":\"Cal Ros Talamanca Grup\"},\"image\":{\"@id\":\"https:\/\/calrostalamanca.com\/#\/schema\/logo\/image\/\"}}]}<\/script>\n<!-- \/ Yoast SEO plugin. -->","yoast_head_json":{"title":"Empreses - Cal Ros Talamanca Grup","robots":{"index":"index","follow":"follow","max-snippet":"max-snippet:-1","max-image-preview":"max-image-preview:large","max-video-preview":"max-video-preview:-1"},"canonical":"https:\/\/calrostalamanca.com\/es\/empreses\/","og_locale":"es_ES","og_type":"article","og_title":"Empreses - Cal Ros Talamanca Grup","og_description":"Empreses Excel\u00b7l\u00e8ncia i atenci\u00f3 personalitzada a cada servei A Cal Ros Talamanca, gestionem un grup divers d&#8217;empreses dedicades a oferir experi\u00e8ncies i serveis excepcionals. Cada una de les nostres empreses comparteix el nostre comprom\u00eds amb la qualitat, l&#8217;atenci\u00f3 personalitzada i la satisfacci\u00f3 del client. Descobreix les diferents empreses que conformen el nostre grup i com [&hellip;]","og_url":"https:\/\/calrostalamanca.com\/es\/empreses\/","og_site_name":"Cal Ros Talamanca Grup","article_modified_time":"2024-10-22T09:26:10+00:00","og_image":[{"url":"https:\/\/calrostalamanca.com\/wp-content\/uploads\/2024\/07\/1920-x-1280-web-diseno-grafico-1920-x-1080-px.png","type":"","width":"","height":""}],"twitter_card":"summary_large_image","twitter_misc":{"Tiempo de lectura":"1 minuto"},"schema":{"@context":"https:\/\/schema.org","@graph":[{"@type":"WebPage","@id":"https:\/\/calrostalamanca.com\/empreses\/","url":"https:\/\/calrostalamanca.com\/empreses\/","name":"Empreses - Cal Ros Talamanca Grup","isPartOf":{"@id":"https:\/\/calrostalamanca.com\/#website"},"primaryImageOfPage":{"@id":"https:\/\/calrostalamanca.com\/empreses\/#primaryimage"},"image":{"@id":"https:\/\/calrostalamanca.com\/empreses\/#primaryimage"},"thumbnailUrl":"https:\/\/calrostalamanca.com\/wp-content\/uploads\/2024\/07\/1920-x-1280-web-diseno-grafico-1920-x-1080-px.png","datePublished":"2024-07-05T19:49:36+00:00","dateModified":"2024-10-22T09:26:10+00:00","breadcrumb":{"@id":"https:\/\/calrostalamanca.com\/empreses\/#breadcrumb"},"inLanguage":"es","potentialAction":[{"@type":"ReadAction","target":["https:\/\/calrostalamanca.com\/empreses\/"]}]},{"@type":"ImageObject","inLanguage":"es","@id":"https:\/\/calrostalamanca.com\/empreses\/#primaryimage","url":"https:\/\/calrostalamanca.com\/wp-content\/uploads\/2024\/07\/1920-x-1280-web-diseno-grafico-1920-x-1080-px.png","contentUrl":"https:\/\/calrostalamanca.com\/wp-content\/uploads\/2024\/07\/1920-x-1280-web-diseno-grafico-1920-x-1080-px.png"},{"@type":"BreadcrumbList","@id":"https:\/\/calrostalamanca.com\/empreses\/#breadcrumb","itemListElement":[{"@type":"ListItem","position":1,"name":"Portada","item":"https:\/\/calrostalamanca.com\/"},{"@type":"ListItem","position":2,"name":"Empreses"}]},{"@type":"WebSite","@id":"https:\/\/calrostalamanca.com\/#website","url":"https:\/\/calrostalamanca.com\/","name":"Cal Ros Talamanca Grupo","description":"","publisher":{"@id":"https:\/\/calrostalamanca.com\/#organization"},"potentialAction":[{"@type":"SearchAction","target":{"@type":"EntryPoint","urlTemplate":"https:\/\/calrostalamanca.com\/?s={search_term_string}"},"query-input":{"@type":"PropertyValueSpecification","valueRequired":true,"valueName":"search_term_string"}}],"inLanguage":"es"},{"@type":"Organization","@id":"https:\/\/calrostalamanca.com\/#organization","name":"Cal Ros Talamanca Grupo","url":"https:\/\/calrostalamanca.com\/","logo":{"@type":"ImageObject","inLanguage":"es","@id":"https:\/\/calrostalamanca.com\/#\/schema\/logo\/image\/","url":"https:\/\/calrostalamanca.com\/wp-content\/uploads\/2024\/06\/1.png","contentUrl":"https:\/\/calrostalamanca.com\/wp-content\/uploads\/2024\/06\/1.png","width":3600,"height":2025,"caption":"Cal Ros Talamanca Grup"},"image":{"@id":"https:\/\/calrostalamanca.com\/#\/schema\/logo\/image\/"}}]}},"uagb_featured_image_src":{"full":false,"thumbnail":false,"medium":false,"medium_large":false,"large":false,"1536x1536":false,"2048x2048":false,"trp-custom-language-flag":false},"uagb_author_info":{"display_name":"admin","author_link":"https:\/\/calrostalamanca.com\/es\/author\/soporte_cktwuwd3\/"},"uagb_comment_info":0,"uagb_excerpt":"Empreses Excel\u00b7l\u00e8ncia i atenci\u00f3 personalitzada a cada servei A Cal Ros Talamanca, gestionem un grup divers d&#8217;empreses dedicades a oferir experi\u00e8ncies i serveis excepcionals. Cada una de les nostres empreses comparteix el nostre comprom\u00eds amb la qualitat, l&#8217;atenci\u00f3 personalitzada i la satisfacci\u00f3 del client. Descobreix les diferents empreses que conformen el nostre grup i com&hellip;","_links":{"self":[{"href":"https:\/\/calrostalamanca.com\/es\/wp-json\/wp\/v2\/pages\/2040","targetHints":{"allow":["GET"]}}],"collection":[{"href":"https:\/\/calrostalamanca.com\/es\/wp-json\/wp\/v2\/pages"}],"about":[{"href":"https:\/\/calrostalamanca.com\/es\/wp-json\/wp\/v2\/types\/page"}],"author":[{"embeddable":true,"href":"https:\/\/calrostalamanca.com\/es\/wp-json\/wp\/v2\/users\/1"}],"replies":[{"embeddable":true,"href":"https:\/\/calrostalamanca.com\/es\/wp-json\/wp\/v2\/comments?post=2040"}],"version-history":[{"count":124,"href":"https:\/\/calrostalamanca.com\/es\/wp-json\/wp\/v2\/pages\/2040\/revisions"}],"predecessor-version":[{"id":3815,"href":"https:\/\/calrostalamanca.com\/es\/wp-json\/wp\/v2\/pages\/2040\/revisions\/3815"}],"wp:attachment":[{"href":"https:\/\/calrostalamanca.com\/es\/wp-json\/wp\/v2\/media?parent=2040"}],"curies":[{"name":"wp","href":"https:\/\/api.w.org\/{rel}","templated":true}]}}